{"id":2929,"date":"2021-02-05T15:18:59","date_gmt":"2021-02-05T15:18:59","guid":{"rendered":"http:\/\/kuehnel-orthopaedie.de\/?post_type=product&#038;p=2929"},"modified":"2021-02-27T16:40:35","modified_gmt":"2021-02-27T16:40:35","slug":"polstermaterial","status":"publish","type":"product","link":"https:\/\/kuehnel-orthopaedie.de\/index.php\/produkt\/polstermaterial\/","title":{"rendered":"Polstermaterial"},"content":{"rendered":"","protected":false},"excerpt":{"rendered":"","protected":false},"featured_media":3371,"comment_status":"open","ping_status":"closed","template":"","meta":{"_custom_body_class":"","_custom_post_class":""},"product_brand":[],"product_cat":[86],"product_tag":[],"class_list":{"0":"post-2929","1":"product","2":"type-product","3":"status-publish","4":"has-post-thumbnail","6":"product_cat-materialien","7":"tm-no-options-pxq","9":"first","10":"instock","11":"shipping-taxable","12":"product-type-simple"},"yoast_head":"<!-- This site is optimized with the Yoast SEO plugin v27.4 - https:\/\/yoast.com\/product\/yoast-seo-wordpress\/ -->\n<title>Polstermaterial - K\u00fchnel Orthop\u00e4die Peine<\/title>\n<meta name=\"robots\" content=\"index, follow, max-snippet:-1, max-image-preview:large, max-video-preview:-1\" \/>\n<link rel=\"canonical\" href=\"https:\/\/kuehnel-orthopaedie.de\/index.php\/produkt\/polstermaterial\/\" \/>\n<meta property=\"og:locale\" content=\"de_DE\" \/>\n<meta property=\"og:type\" content=\"article\" \/>\n<meta property=\"og:title\" content=\"Polstermaterial - K\u00fchnel Orthop\u00e4die Peine\" \/>\n<meta property=\"og:url\" content=\"https:\/\/kuehnel-orthopaedie.de\/index.php\/produkt\/polstermaterial\/\" \/>\n<meta property=\"og:site_name\" content=\"K\u00fchnel Orthop\u00e4die Peine\" \/>\n<meta property=\"article:modified_time\" content=\"2021-02-27T16:40:35+00:00\" \/>\n<meta property=\"og:image\" content=\"https:\/\/kuehnel-orthopaedie.de\/wp-content\/uploads\/2021\/02\/11Dya-Poron_kl.jpg\" \/>\n\t<meta property=\"og:image:width\" content=\"1300\" \/>\n\t<meta property=\"og:image:height\" content=\"867\" \/>\n\t<meta property=\"og:image:type\" content=\"image\/jpeg\" \/>\n<meta name=\"twitter:card\" content=\"summary_large_image\" \/>\n<script type=\"application\/ld+json\" class=\"yoast-schema-graph\">{\"@context\":\"https:\\\/\\\/schema.org\",\"@graph\":[{\"@type\":\"WebPage\",\"@id\":\"https:\\\/\\\/kuehnel-orthopaedie.de\\\/index.php\\\/produkt\\\/polstermaterial\\\/\",\"url\":\"https:\\\/\\\/kuehnel-orthopaedie.de\\\/index.php\\\/produkt\\\/polstermaterial\\\/\",\"name\":\"Polstermaterial - K\u00fchnel Orthop\u00e4die Peine\",\"isPartOf\":{\"@id\":\"https:\\\/\\\/kuehnel-orthopaedie.de\\\/#website\"},\"primaryImageOfPage\":{\"@id\":\"https:\\\/\\\/kuehnel-orthopaedie.de\\\/index.php\\\/produkt\\\/polstermaterial\\\/#primaryimage\"},\"image\":{\"@id\":\"https:\\\/\\\/kuehnel-orthopaedie.de\\\/index.php\\\/produkt\\\/polstermaterial\\\/#primaryimage\"},\"thumbnailUrl\":\"https:\\\/\\\/kuehnel-orthopaedie.de\\\/wp-content\\\/uploads\\\/2021\\\/02\\\/11Dya-Poron_kl.jpg\",\"datePublished\":\"2021-02-05T15:18:59+00:00\",\"dateModified\":\"2021-02-27T16:40:35+00:00\",\"breadcrumb\":{\"@id\":\"https:\\\/\\\/kuehnel-orthopaedie.de\\\/index.php\\\/produkt\\\/polstermaterial\\\/#breadcrumb\"},\"inLanguage\":\"de\",\"potentialAction\":[{\"@type\":\"ReadAction\",\"target\":[\"https:\\\/\\\/kuehnel-orthopaedie.de\\\/index.php\\\/produkt\\\/polstermaterial\\\/\"]}]},{\"@type\":\"ImageObject\",\"inLanguage\":\"de\",\"@id\":\"https:\\\/\\\/kuehnel-orthopaedie.de\\\/index.php\\\/produkt\\\/polstermaterial\\\/#primaryimage\",\"url\":\"https:\\\/\\\/kuehnel-orthopaedie.de\\\/wp-content\\\/uploads\\\/2021\\\/02\\\/11Dya-Poron_kl.jpg\",\"contentUrl\":\"https:\\\/\\\/kuehnel-orthopaedie.de\\\/wp-content\\\/uploads\\\/2021\\\/02\\\/11Dya-Poron_kl.jpg\",\"width\":1300,\"height\":867},{\"@type\":\"BreadcrumbList\",\"@id\":\"https:\\\/\\\/kuehnel-orthopaedie.de\\\/index.php\\\/produkt\\\/polstermaterial\\\/#breadcrumb\",\"itemListElement\":[{\"@type\":\"ListItem\",\"position\":1,\"name\":\"Home\",\"item\":\"https:\\\/\\\/kuehnel-orthopaedie.de\\\/\"},{\"@type\":\"ListItem\",\"position\":2,\"name\":\"Shop single sidebar\",\"item\":\"https:\\\/\\\/kuehnel-orthopaedie.de\\\/index.php\\\/shop-single-sidebar\\\/\"},{\"@type\":\"ListItem\",\"position\":3,\"name\":\"Polstermaterial\"}]},{\"@type\":\"WebSite\",\"@id\":\"https:\\\/\\\/kuehnel-orthopaedie.de\\\/#website\",\"url\":\"https:\\\/\\\/kuehnel-orthopaedie.de\\\/\",\"name\":\"K\u00fchnel Orthop\u00e4die Peine\",\"description\":\"Ihr leistungsf\u00e4higer Partner f\u00fcr Einladen und orthop\u00e4dische Materialien\",\"potentialAction\":[{\"@type\":\"SearchAction\",\"target\":{\"@type\":\"EntryPoint\",\"urlTemplate\":\"https:\\\/\\\/kuehnel-orthopaedie.de\\\/?s={search_term_string}\"},\"query-input\":{\"@type\":\"PropertyValueSpecification\",\"valueRequired\":true,\"valueName\":\"search_term_string\"}}],\"inLanguage\":\"de\"}]}<\/script>\n<!-- \/ Yoast SEO plugin. -->","yoast_head_json":{"title":"Polstermaterial - K\u00fchnel Orthop\u00e4die Peine","robots":{"index":"index","follow":"follow","max-snippet":"max-snippet:-1","max-image-preview":"max-image-preview:large","max-video-preview":"max-video-preview:-1"},"canonical":"https:\/\/kuehnel-orthopaedie.de\/index.php\/produkt\/polstermaterial\/","og_locale":"de_DE","og_type":"article","og_title":"Polstermaterial - K\u00fchnel Orthop\u00e4die Peine","og_url":"https:\/\/kuehnel-orthopaedie.de\/index.php\/produkt\/polstermaterial\/","og_site_name":"K\u00fchnel Orthop\u00e4die Peine","article_modified_time":"2021-02-27T16:40:35+00:00","og_image":[{"width":1300,"height":867,"url":"https:\/\/kuehnel-orthopaedie.de\/wp-content\/uploads\/2021\/02\/11Dya-Poron_kl.jpg","type":"image\/jpeg"}],"twitter_card":"summary_large_image","schema":{"@context":"https:\/\/schema.org","@graph":[{"@type":"WebPage","@id":"https:\/\/kuehnel-orthopaedie.de\/index.php\/produkt\/polstermaterial\/","url":"https:\/\/kuehnel-orthopaedie.de\/index.php\/produkt\/polstermaterial\/","name":"Polstermaterial - K\u00fchnel Orthop\u00e4die Peine","isPartOf":{"@id":"https:\/\/kuehnel-orthopaedie.de\/#website"},"primaryImageOfPage":{"@id":"https:\/\/kuehnel-orthopaedie.de\/index.php\/produkt\/polstermaterial\/#primaryimage"},"image":{"@id":"https:\/\/kuehnel-orthopaedie.de\/index.php\/produkt\/polstermaterial\/#primaryimage"},"thumbnailUrl":"https:\/\/kuehnel-orthopaedie.de\/wp-content\/uploads\/2021\/02\/11Dya-Poron_kl.jpg","datePublished":"2021-02-05T15:18:59+00:00","dateModified":"2021-02-27T16:40:35+00:00","breadcrumb":{"@id":"https:\/\/kuehnel-orthopaedie.de\/index.php\/produkt\/polstermaterial\/#breadcrumb"},"inLanguage":"de","potentialAction":[{"@type":"ReadAction","target":["https:\/\/kuehnel-orthopaedie.de\/index.php\/produkt\/polstermaterial\/"]}]},{"@type":"ImageObject","inLanguage":"de","@id":"https:\/\/kuehnel-orthopaedie.de\/index.php\/produkt\/polstermaterial\/#primaryimage","url":"https:\/\/kuehnel-orthopaedie.de\/wp-content\/uploads\/2021\/02\/11Dya-Poron_kl.jpg","contentUrl":"https:\/\/kuehnel-orthopaedie.de\/wp-content\/uploads\/2021\/02\/11Dya-Poron_kl.jpg","width":1300,"height":867},{"@type":"BreadcrumbList","@id":"https:\/\/kuehnel-orthopaedie.de\/index.php\/produkt\/polstermaterial\/#breadcrumb","itemListElement":[{"@type":"ListItem","position":1,"name":"Home","item":"https:\/\/kuehnel-orthopaedie.de\/"},{"@type":"ListItem","position":2,"name":"Shop single sidebar","item":"https:\/\/kuehnel-orthopaedie.de\/index.php\/shop-single-sidebar\/"},{"@type":"ListItem","position":3,"name":"Polstermaterial"}]},{"@type":"WebSite","@id":"https:\/\/kuehnel-orthopaedie.de\/#website","url":"https:\/\/kuehnel-orthopaedie.de\/","name":"K\u00fchnel Orthop\u00e4die Peine","description":"Ihr leistungsf\u00e4higer Partner f\u00fcr Einladen und orthop\u00e4dische Materialien","potentialAction":[{"@type":"SearchAction","target":{"@type":"EntryPoint","urlTemplate":"https:\/\/kuehnel-orthopaedie.de\/?s={search_term_string}"},"query-input":{"@type":"PropertyValueSpecification","valueRequired":true,"valueName":"search_term_string"}}],"inLanguage":"de"}]}},"_links":{"self":[{"href":"https:\/\/kuehnel-orthopaedie.de\/index.php\/wp-json\/wp\/v2\/product\/2929","targetHints":{"allow":["GET"]}}],"collection":[{"href":"https:\/\/kuehnel-orthopaedie.de\/index.php\/wp-json\/wp\/v2\/product"}],"about":[{"href":"https:\/\/kuehnel-orthopaedie.de\/index.php\/wp-json\/wp\/v2\/types\/product"}],"replies":[{"embeddable":true,"href":"https:\/\/kuehnel-orthopaedie.de\/index.php\/wp-json\/wp\/v2\/comments?post=2929"}],"wp:featuredmedia":[{"embeddable":true,"href":"https:\/\/kuehnel-orthopaedie.de\/index.php\/wp-json\/wp\/v2\/media\/3371"}],"wp:attachment":[{"href":"https:\/\/kuehnel-orthopaedie.de\/index.php\/wp-json\/wp\/v2\/media?parent=2929"}],"wp:term":[{"taxonomy":"product_brand","embeddable":true,"href":"https:\/\/kuehnel-orthopaedie.de\/index.php\/wp-json\/wp\/v2\/product_brand?post=2929"},{"taxonomy":"product_cat","embeddable":true,"href":"https:\/\/kuehnel-orthopaedie.de\/index.php\/wp-json\/wp\/v2\/product_cat?post=2929"},{"taxonomy":"product_tag","embeddable":true,"href":"https:\/\/kuehnel-orthopaedie.de\/index.php\/wp-json\/wp\/v2\/product_tag?post=2929"}],"curies":[{"name":"wp","href":"https:\/\/api.w.org\/{rel}","templated":true}]}}