{"id":2738,"date":"2021-02-02T08:56:41","date_gmt":"2021-02-02T08:56:41","guid":{"rendered":"http:\/\/kuehnel-orthopaedie.de\/?post_type=product&#038;p=2738"},"modified":"2021-02-27T13:21:22","modified_gmt":"2021-02-27T13:21:22","slug":"154-155-310-6004","status":"publish","type":"product","link":"https:\/\/kuehnel-orthopaedie.de\/index.php\/produkt\/154-155-310-6004\/","title":{"rendered":"154\/155\/310 6004"},"content":{"rendered":"","protected":false},"excerpt":{"rendered":"<p><strong>Aufbau der Einlagen:<\/strong><\/p>\n<ul style=\"margin-left: -17px !important;\">\n<li class=\"p1\">PE &#8211; Rohling<\/li>\n<li class=\"p1\">Orthomed &#8211; Polster 22 Shore, 3,0 mm<\/li>\n<li class=\"p1\">Vorne offen<\/li>\n<\/ul>\n<table class=\"blueTable\">\n<thead>\n<tr>\n<th>Deckenform<\/th>\n<th>Artikelnummer<\/th>\n<th>Gr\u00f6\u00dfen<\/th>\n<\/tr>\n<\/thead>\n<tfoot>\n<tr>\n<td colspan=\"3\"><\/td>\n<\/tr>\n<\/tfoot>\n<tbody>\n<tr>\n<td>Normalbreit<\/td>\n<td>154\/135\/ 4 lang<\/td>\n<td>35-48<\/td>\n<\/tr>\n<tr>\n<td>Extrabreit<\/td>\n<td>154\/155\/ 4 lang<\/td>\n<td>35-42<\/td>\n<\/tr>\n<\/tbody>\n<\/table>\n<p>&nbsp;<\/p>\n","protected":false},"featured_media":2744,"comment_status":"open","ping_status":"closed","template":"","meta":{"_custom_body_class":"","_custom_post_class":""},"product_brand":[],"product_cat":[17,78,31],"product_tag":[],"class_list":{"0":"post-2738","1":"product","2":"type-product","3":"status-publish","4":"has-post-thumbnail","6":"product_cat-einlagen","7":"product_cat-gruppe-154","8":"product_cat-kunststoffeinlagen","9":"tm-no-options-pxq","11":"first","12":"instock","13":"shipping-taxable","14":"purchasable","15":"product-type-variable"},"yoast_head":"<!-- This site is optimized with the Yoast SEO plugin v27.4 - https:\/\/yoast.com\/product\/yoast-seo-wordpress\/ -->\n<title>154\/155\/310 6004 - K\u00fchnel Orthop\u00e4die Peine<\/title>\n<meta name=\"robots\" content=\"index, follow, max-snippet:-1, max-image-preview:large, max-video-preview:-1\" \/>\n<link rel=\"canonical\" href=\"https:\/\/kuehnel-orthopaedie.de\/index.php\/produkt\/154-155-310-6004\/\" \/>\n<meta property=\"og:locale\" content=\"de_DE\" \/>\n<meta property=\"og:type\" content=\"article\" \/>\n<meta property=\"og:title\" content=\"154\/155\/310 6004 - K\u00fchnel Orthop\u00e4die Peine\" \/>\n<meta property=\"og:description\" content=\"Aufbau der Einlagen:   PE - Rohling  Orthomed - Polster 22 Shore, 3,0 mm  Vorne offen     Deckenform Artikelnummer Gr\u00f6\u00dfen          Normalbreit 154\/135\/ 4 lang 35-48   Extrabreit 154\/155\/ 4 lang 35-42    &nbsp;\" \/>\n<meta property=\"og:url\" content=\"https:\/\/kuehnel-orthopaedie.de\/index.php\/produkt\/154-155-310-6004\/\" \/>\n<meta property=\"og:site_name\" content=\"K\u00fchnel Orthop\u00e4die Peine\" \/>\n<meta property=\"article:modified_time\" content=\"2021-02-27T13:21:22+00:00\" \/>\n<meta property=\"og:image\" content=\"https:\/\/kuehnel-orthopaedie.de\/wp-content\/uploads\/2021\/02\/210106-ku\u0308hnel-120.jpg\" \/>\n\t<meta property=\"og:image:width\" content=\"1300\" \/>\n\t<meta property=\"og:image:height\" content=\"867\" \/>\n\t<meta property=\"og:image:type\" content=\"image\/jpeg\" \/>\n<meta name=\"twitter:card\" content=\"summary_large_image\" \/>\n<script type=\"application\/ld+json\" class=\"yoast-schema-graph\">{\"@context\":\"https:\\\/\\\/schema.org\",\"@graph\":[{\"@type\":\"WebPage\",\"@id\":\"https:\\\/\\\/kuehnel-orthopaedie.de\\\/index.php\\\/produkt\\\/154-155-310-6004\\\/\",\"url\":\"https:\\\/\\\/kuehnel-orthopaedie.de\\\/index.php\\\/produkt\\\/154-155-310-6004\\\/\",\"name\":\"154\\\/155\\\/310 6004 - K\u00fchnel Orthop\u00e4die Peine\",\"isPartOf\":{\"@id\":\"https:\\\/\\\/kuehnel-orthopaedie.de\\\/#website\"},\"primaryImageOfPage\":{\"@id\":\"https:\\\/\\\/kuehnel-orthopaedie.de\\\/index.php\\\/produkt\\\/154-155-310-6004\\\/#primaryimage\"},\"image\":{\"@id\":\"https:\\\/\\\/kuehnel-orthopaedie.de\\\/index.php\\\/produkt\\\/154-155-310-6004\\\/#primaryimage\"},\"thumbnailUrl\":\"https:\\\/\\\/kuehnel-orthopaedie.de\\\/wp-content\\\/uploads\\\/2021\\\/02\\\/210106-ku\u0308hnel-120.jpg\",\"datePublished\":\"2021-02-02T08:56:41+00:00\",\"dateModified\":\"2021-02-27T13:21:22+00:00\",\"breadcrumb\":{\"@id\":\"https:\\\/\\\/kuehnel-orthopaedie.de\\\/index.php\\\/produkt\\\/154-155-310-6004\\\/#breadcrumb\"},\"inLanguage\":\"de\",\"potentialAction\":[{\"@type\":\"ReadAction\",\"target\":[\"https:\\\/\\\/kuehnel-orthopaedie.de\\\/index.php\\\/produkt\\\/154-155-310-6004\\\/\"]}]},{\"@type\":\"ImageObject\",\"inLanguage\":\"de\",\"@id\":\"https:\\\/\\\/kuehnel-orthopaedie.de\\\/index.php\\\/produkt\\\/154-155-310-6004\\\/#primaryimage\",\"url\":\"https:\\\/\\\/kuehnel-orthopaedie.de\\\/wp-content\\\/uploads\\\/2021\\\/02\\\/210106-ku\u0308hnel-120.jpg\",\"contentUrl\":\"https:\\\/\\\/kuehnel-orthopaedie.de\\\/wp-content\\\/uploads\\\/2021\\\/02\\\/210106-ku\u0308hnel-120.jpg\",\"width\":1300,\"height\":867},{\"@type\":\"BreadcrumbList\",\"@id\":\"https:\\\/\\\/kuehnel-orthopaedie.de\\\/index.php\\\/produkt\\\/154-155-310-6004\\\/#breadcrumb\",\"itemListElement\":[{\"@type\":\"ListItem\",\"position\":1,\"name\":\"Home\",\"item\":\"https:\\\/\\\/kuehnel-orthopaedie.de\\\/\"},{\"@type\":\"ListItem\",\"position\":2,\"name\":\"Shop single sidebar\",\"item\":\"https:\\\/\\\/kuehnel-orthopaedie.de\\\/index.php\\\/shop-single-sidebar\\\/\"},{\"@type\":\"ListItem\",\"position\":3,\"name\":\"154\\\/155\\\/310 6004\"}]},{\"@type\":\"WebSite\",\"@id\":\"https:\\\/\\\/kuehnel-orthopaedie.de\\\/#website\",\"url\":\"https:\\\/\\\/kuehnel-orthopaedie.de\\\/\",\"name\":\"K\u00fchnel Orthop\u00e4die Peine\",\"description\":\"Ihr leistungsf\u00e4higer Partner f\u00fcr Einladen und orthop\u00e4dische Materialien\",\"potentialAction\":[{\"@type\":\"SearchAction\",\"target\":{\"@type\":\"EntryPoint\",\"urlTemplate\":\"https:\\\/\\\/kuehnel-orthopaedie.de\\\/?s={search_term_string}\"},\"query-input\":{\"@type\":\"PropertyValueSpecification\",\"valueRequired\":true,\"valueName\":\"search_term_string\"}}],\"inLanguage\":\"de\"}]}<\/script>\n<!-- \/ Yoast SEO plugin. -->","yoast_head_json":{"title":"154\/155\/310 6004 - K\u00fchnel Orthop\u00e4die Peine","robots":{"index":"index","follow":"follow","max-snippet":"max-snippet:-1","max-image-preview":"max-image-preview:large","max-video-preview":"max-video-preview:-1"},"canonical":"https:\/\/kuehnel-orthopaedie.de\/index.php\/produkt\/154-155-310-6004\/","og_locale":"de_DE","og_type":"article","og_title":"154\/155\/310 6004 - K\u00fchnel Orthop\u00e4die Peine","og_description":"Aufbau der Einlagen:   PE - Rohling  Orthomed - Polster 22 Shore, 3,0 mm  Vorne offen     Deckenform Artikelnummer Gr\u00f6\u00dfen          Normalbreit 154\/135\/ 4 lang 35-48   Extrabreit 154\/155\/ 4 lang 35-42    &nbsp;","og_url":"https:\/\/kuehnel-orthopaedie.de\/index.php\/produkt\/154-155-310-6004\/","og_site_name":"K\u00fchnel Orthop\u00e4die Peine","article_modified_time":"2021-02-27T13:21:22+00:00","og_image":[{"width":1300,"height":867,"url":"https:\/\/kuehnel-orthopaedie.de\/wp-content\/uploads\/2021\/02\/210106-ku\u0308hnel-120.jpg","type":"image\/jpeg"}],"twitter_card":"summary_large_image","schema":{"@context":"https:\/\/schema.org","@graph":[{"@type":"WebPage","@id":"https:\/\/kuehnel-orthopaedie.de\/index.php\/produkt\/154-155-310-6004\/","url":"https:\/\/kuehnel-orthopaedie.de\/index.php\/produkt\/154-155-310-6004\/","name":"154\/155\/310 6004 - K\u00fchnel Orthop\u00e4die Peine","isPartOf":{"@id":"https:\/\/kuehnel-orthopaedie.de\/#website"},"primaryImageOfPage":{"@id":"https:\/\/kuehnel-orthopaedie.de\/index.php\/produkt\/154-155-310-6004\/#primaryimage"},"image":{"@id":"https:\/\/kuehnel-orthopaedie.de\/index.php\/produkt\/154-155-310-6004\/#primaryimage"},"thumbnailUrl":"https:\/\/kuehnel-orthopaedie.de\/wp-content\/uploads\/2021\/02\/210106-ku\u0308hnel-120.jpg","datePublished":"2021-02-02T08:56:41+00:00","dateModified":"2021-02-27T13:21:22+00:00","breadcrumb":{"@id":"https:\/\/kuehnel-orthopaedie.de\/index.php\/produkt\/154-155-310-6004\/#breadcrumb"},"inLanguage":"de","potentialAction":[{"@type":"ReadAction","target":["https:\/\/kuehnel-orthopaedie.de\/index.php\/produkt\/154-155-310-6004\/"]}]},{"@type":"ImageObject","inLanguage":"de","@id":"https:\/\/kuehnel-orthopaedie.de\/index.php\/produkt\/154-155-310-6004\/#primaryimage","url":"https:\/\/kuehnel-orthopaedie.de\/wp-content\/uploads\/2021\/02\/210106-ku\u0308hnel-120.jpg","contentUrl":"https:\/\/kuehnel-orthopaedie.de\/wp-content\/uploads\/2021\/02\/210106-ku\u0308hnel-120.jpg","width":1300,"height":867},{"@type":"BreadcrumbList","@id":"https:\/\/kuehnel-orthopaedie.de\/index.php\/produkt\/154-155-310-6004\/#breadcrumb","itemListElement":[{"@type":"ListItem","position":1,"name":"Home","item":"https:\/\/kuehnel-orthopaedie.de\/"},{"@type":"ListItem","position":2,"name":"Shop single sidebar","item":"https:\/\/kuehnel-orthopaedie.de\/index.php\/shop-single-sidebar\/"},{"@type":"ListItem","position":3,"name":"154\/155\/310 6004"}]},{"@type":"WebSite","@id":"https:\/\/kuehnel-orthopaedie.de\/#website","url":"https:\/\/kuehnel-orthopaedie.de\/","name":"K\u00fchnel Orthop\u00e4die Peine","description":"Ihr leistungsf\u00e4higer Partner f\u00fcr Einladen und orthop\u00e4dische Materialien","potentialAction":[{"@type":"SearchAction","target":{"@type":"EntryPoint","urlTemplate":"https:\/\/kuehnel-orthopaedie.de\/?s={search_term_string}"},"query-input":{"@type":"PropertyValueSpecification","valueRequired":true,"valueName":"search_term_string"}}],"inLanguage":"de"}]}},"_links":{"self":[{"href":"https:\/\/kuehnel-orthopaedie.de\/index.php\/wp-json\/wp\/v2\/product\/2738","targetHints":{"allow":["GET"]}}],"collection":[{"href":"https:\/\/kuehnel-orthopaedie.de\/index.php\/wp-json\/wp\/v2\/product"}],"about":[{"href":"https:\/\/kuehnel-orthopaedie.de\/index.php\/wp-json\/wp\/v2\/types\/product"}],"replies":[{"embeddable":true,"href":"https:\/\/kuehnel-orthopaedie.de\/index.php\/wp-json\/wp\/v2\/comments?post=2738"}],"wp:featuredmedia":[{"embeddable":true,"href":"https:\/\/kuehnel-orthopaedie.de\/index.php\/wp-json\/wp\/v2\/media\/2744"}],"wp:attachment":[{"href":"https:\/\/kuehnel-orthopaedie.de\/index.php\/wp-json\/wp\/v2\/media?parent=2738"}],"wp:term":[{"taxonomy":"product_brand","embeddable":true,"href":"https:\/\/kuehnel-orthopaedie.de\/index.php\/wp-json\/wp\/v2\/product_brand?post=2738"},{"taxonomy":"product_cat","embeddable":true,"href":"https:\/\/kuehnel-orthopaedie.de\/index.php\/wp-json\/wp\/v2\/product_cat?post=2738"},{"taxonomy":"product_tag","embeddable":true,"href":"https:\/\/kuehnel-orthopaedie.de\/index.php\/wp-json\/wp\/v2\/product_tag?post=2738"}],"curies":[{"name":"wp","href":"https:\/\/api.w.org\/{rel}","templated":true}]}}