{"id":2731,"date":"2021-02-02T08:54:31","date_gmt":"2021-02-02T08:54:31","guid":{"rendered":"http:\/\/kuehnel-orthopaedie.de\/?post_type=product&#038;p=2731"},"modified":"2021-02-02T13:22:22","modified_gmt":"2021-02-02T13:22:22","slug":"154-156-413-0063","status":"publish","type":"product","link":"https:\/\/kuehnel-orthopaedie.de\/index.php\/produkt\/154-156-413-0063\/","title":{"rendered":"154\/156\/413 0063"},"content":{"rendered":"","protected":false},"excerpt":{"rendered":"<p><strong>Aufbau der Einlagen:<\/strong><\/p>\n<ul style=\"margin-left: -17px !important;\">\n<li class=\"p1\">PE &#8211; Rohling<\/li>\n<li class=\"p1\">Blanklederdecke<\/li>\n<li class=\"p1\">mittelhoher Rand<\/li>\n<\/ul>\n<table class=\"blueTable\">\n<thead>\n<tr>\n<th>Deckenform<\/th>\n<th>Artikelnummer<\/th>\n<th>Gr\u00f6\u00dfen<\/th>\n<\/tr>\n<\/thead>\n<tfoot>\n<tr>\n<td colspan=\"3\"><\/td>\n<\/tr>\n<\/tfoot>\n<tbody>\n<tr>\n<td>Normalbreit<\/td>\n<td>154\/136\/ 4 lang<\/td>\n<td>35-48<\/td>\n<\/tr>\n<tr>\n<td>Extrabreit<\/td>\n<td>154\/156\/4 lang<\/td>\n<td>35-48<\/td>\n<\/tr>\n<\/tbody>\n<\/table>\n","protected":false},"featured_media":2737,"comment_status":"open","ping_status":"closed","template":"","meta":{"_custom_body_class":"","_custom_post_class":""},"product_brand":[],"product_cat":[17,78,31],"product_tag":[],"class_list":{"0":"post-2731","1":"product","2":"type-product","3":"status-publish","4":"has-post-thumbnail","6":"product_cat-einlagen","7":"product_cat-gruppe-154","8":"product_cat-kunststoffeinlagen","9":"tm-no-options-pxq","11":"first","12":"instock","13":"shipping-taxable","14":"purchasable","15":"product-type-variable"},"yoast_head":"<!-- This site is optimized with the Yoast SEO plugin v27.4 - https:\/\/yoast.com\/product\/yoast-seo-wordpress\/ -->\n<title>154\/156\/413 0063 - K\u00fchnel Orthop\u00e4die Peine<\/title>\n<meta name=\"robots\" content=\"index, follow, max-snippet:-1, max-image-preview:large, max-video-preview:-1\" \/>\n<link rel=\"canonical\" href=\"https:\/\/kuehnel-orthopaedie.de\/index.php\/produkt\/154-156-413-0063\/\" \/>\n<meta property=\"og:locale\" content=\"de_DE\" \/>\n<meta property=\"og:type\" content=\"article\" \/>\n<meta property=\"og:title\" content=\"154\/156\/413 0063 - K\u00fchnel Orthop\u00e4die Peine\" \/>\n<meta property=\"og:description\" content=\"Aufbau der Einlagen:   PE - Rohling  Blanklederdecke  mittelhoher Rand     Deckenform Artikelnummer Gr\u00f6\u00dfen          Normalbreit 154\/136\/ 4 lang 35-48   Extrabreit 154\/156\/4 lang 35-48\" \/>\n<meta property=\"og:url\" content=\"https:\/\/kuehnel-orthopaedie.de\/index.php\/produkt\/154-156-413-0063\/\" \/>\n<meta property=\"og:site_name\" content=\"K\u00fchnel Orthop\u00e4die Peine\" \/>\n<meta property=\"article:modified_time\" content=\"2021-02-02T13:22:22+00:00\" \/>\n<meta property=\"og:image\" content=\"https:\/\/kuehnel-orthopaedie.de\/wp-content\/uploads\/2021\/02\/210106-ku\u0308hnel-119.jpg\" \/>\n\t<meta property=\"og:image:width\" content=\"1300\" \/>\n\t<meta property=\"og:image:height\" content=\"867\" \/>\n\t<meta property=\"og:image:type\" content=\"image\/jpeg\" \/>\n<meta name=\"twitter:card\" content=\"summary_large_image\" \/>\n<script type=\"application\/ld+json\" class=\"yoast-schema-graph\">{\"@context\":\"https:\\\/\\\/schema.org\",\"@graph\":[{\"@type\":\"WebPage\",\"@id\":\"https:\\\/\\\/kuehnel-orthopaedie.de\\\/index.php\\\/produkt\\\/154-156-413-0063\\\/\",\"url\":\"https:\\\/\\\/kuehnel-orthopaedie.de\\\/index.php\\\/produkt\\\/154-156-413-0063\\\/\",\"name\":\"154\\\/156\\\/413 0063 - K\u00fchnel Orthop\u00e4die Peine\",\"isPartOf\":{\"@id\":\"https:\\\/\\\/kuehnel-orthopaedie.de\\\/#website\"},\"primaryImageOfPage\":{\"@id\":\"https:\\\/\\\/kuehnel-orthopaedie.de\\\/index.php\\\/produkt\\\/154-156-413-0063\\\/#primaryimage\"},\"image\":{\"@id\":\"https:\\\/\\\/kuehnel-orthopaedie.de\\\/index.php\\\/produkt\\\/154-156-413-0063\\\/#primaryimage\"},\"thumbnailUrl\":\"https:\\\/\\\/kuehnel-orthopaedie.de\\\/wp-content\\\/uploads\\\/2021\\\/02\\\/210106-ku\u0308hnel-119.jpg\",\"datePublished\":\"2021-02-02T08:54:31+00:00\",\"dateModified\":\"2021-02-02T13:22:22+00:00\",\"breadcrumb\":{\"@id\":\"https:\\\/\\\/kuehnel-orthopaedie.de\\\/index.php\\\/produkt\\\/154-156-413-0063\\\/#breadcrumb\"},\"inLanguage\":\"de\",\"potentialAction\":[{\"@type\":\"ReadAction\",\"target\":[\"https:\\\/\\\/kuehnel-orthopaedie.de\\\/index.php\\\/produkt\\\/154-156-413-0063\\\/\"]}]},{\"@type\":\"ImageObject\",\"inLanguage\":\"de\",\"@id\":\"https:\\\/\\\/kuehnel-orthopaedie.de\\\/index.php\\\/produkt\\\/154-156-413-0063\\\/#primaryimage\",\"url\":\"https:\\\/\\\/kuehnel-orthopaedie.de\\\/wp-content\\\/uploads\\\/2021\\\/02\\\/210106-ku\u0308hnel-119.jpg\",\"contentUrl\":\"https:\\\/\\\/kuehnel-orthopaedie.de\\\/wp-content\\\/uploads\\\/2021\\\/02\\\/210106-ku\u0308hnel-119.jpg\",\"width\":1300,\"height\":867},{\"@type\":\"BreadcrumbList\",\"@id\":\"https:\\\/\\\/kuehnel-orthopaedie.de\\\/index.php\\\/produkt\\\/154-156-413-0063\\\/#breadcrumb\",\"itemListElement\":[{\"@type\":\"ListItem\",\"position\":1,\"name\":\"Home\",\"item\":\"https:\\\/\\\/kuehnel-orthopaedie.de\\\/\"},{\"@type\":\"ListItem\",\"position\":2,\"name\":\"Shop single sidebar\",\"item\":\"https:\\\/\\\/kuehnel-orthopaedie.de\\\/index.php\\\/shop-single-sidebar\\\/\"},{\"@type\":\"ListItem\",\"position\":3,\"name\":\"154\\\/156\\\/413 0063\"}]},{\"@type\":\"WebSite\",\"@id\":\"https:\\\/\\\/kuehnel-orthopaedie.de\\\/#website\",\"url\":\"https:\\\/\\\/kuehnel-orthopaedie.de\\\/\",\"name\":\"K\u00fchnel Orthop\u00e4die Peine\",\"description\":\"Ihr leistungsf\u00e4higer Partner f\u00fcr Einladen und orthop\u00e4dische Materialien\",\"potentialAction\":[{\"@type\":\"SearchAction\",\"target\":{\"@type\":\"EntryPoint\",\"urlTemplate\":\"https:\\\/\\\/kuehnel-orthopaedie.de\\\/?s={search_term_string}\"},\"query-input\":{\"@type\":\"PropertyValueSpecification\",\"valueRequired\":true,\"valueName\":\"search_term_string\"}}],\"inLanguage\":\"de\"}]}<\/script>\n<!-- \/ Yoast SEO plugin. -->","yoast_head_json":{"title":"154\/156\/413 0063 - K\u00fchnel Orthop\u00e4die Peine","robots":{"index":"index","follow":"follow","max-snippet":"max-snippet:-1","max-image-preview":"max-image-preview:large","max-video-preview":"max-video-preview:-1"},"canonical":"https:\/\/kuehnel-orthopaedie.de\/index.php\/produkt\/154-156-413-0063\/","og_locale":"de_DE","og_type":"article","og_title":"154\/156\/413 0063 - K\u00fchnel Orthop\u00e4die Peine","og_description":"Aufbau der Einlagen:   PE - Rohling  Blanklederdecke  mittelhoher Rand     Deckenform Artikelnummer Gr\u00f6\u00dfen          Normalbreit 154\/136\/ 4 lang 35-48   Extrabreit 154\/156\/4 lang 35-48","og_url":"https:\/\/kuehnel-orthopaedie.de\/index.php\/produkt\/154-156-413-0063\/","og_site_name":"K\u00fchnel Orthop\u00e4die Peine","article_modified_time":"2021-02-02T13:22:22+00:00","og_image":[{"width":1300,"height":867,"url":"https:\/\/kuehnel-orthopaedie.de\/wp-content\/uploads\/2021\/02\/210106-ku\u0308hnel-119.jpg","type":"image\/jpeg"}],"twitter_card":"summary_large_image","schema":{"@context":"https:\/\/schema.org","@graph":[{"@type":"WebPage","@id":"https:\/\/kuehnel-orthopaedie.de\/index.php\/produkt\/154-156-413-0063\/","url":"https:\/\/kuehnel-orthopaedie.de\/index.php\/produkt\/154-156-413-0063\/","name":"154\/156\/413 0063 - K\u00fchnel Orthop\u00e4die Peine","isPartOf":{"@id":"https:\/\/kuehnel-orthopaedie.de\/#website"},"primaryImageOfPage":{"@id":"https:\/\/kuehnel-orthopaedie.de\/index.php\/produkt\/154-156-413-0063\/#primaryimage"},"image":{"@id":"https:\/\/kuehnel-orthopaedie.de\/index.php\/produkt\/154-156-413-0063\/#primaryimage"},"thumbnailUrl":"https:\/\/kuehnel-orthopaedie.de\/wp-content\/uploads\/2021\/02\/210106-ku\u0308hnel-119.jpg","datePublished":"2021-02-02T08:54:31+00:00","dateModified":"2021-02-02T13:22:22+00:00","breadcrumb":{"@id":"https:\/\/kuehnel-orthopaedie.de\/index.php\/produkt\/154-156-413-0063\/#breadcrumb"},"inLanguage":"de","potentialAction":[{"@type":"ReadAction","target":["https:\/\/kuehnel-orthopaedie.de\/index.php\/produkt\/154-156-413-0063\/"]}]},{"@type":"ImageObject","inLanguage":"de","@id":"https:\/\/kuehnel-orthopaedie.de\/index.php\/produkt\/154-156-413-0063\/#primaryimage","url":"https:\/\/kuehnel-orthopaedie.de\/wp-content\/uploads\/2021\/02\/210106-ku\u0308hnel-119.jpg","contentUrl":"https:\/\/kuehnel-orthopaedie.de\/wp-content\/uploads\/2021\/02\/210106-ku\u0308hnel-119.jpg","width":1300,"height":867},{"@type":"BreadcrumbList","@id":"https:\/\/kuehnel-orthopaedie.de\/index.php\/produkt\/154-156-413-0063\/#breadcrumb","itemListElement":[{"@type":"ListItem","position":1,"name":"Home","item":"https:\/\/kuehnel-orthopaedie.de\/"},{"@type":"ListItem","position":2,"name":"Shop single sidebar","item":"https:\/\/kuehnel-orthopaedie.de\/index.php\/shop-single-sidebar\/"},{"@type":"ListItem","position":3,"name":"154\/156\/413 0063"}]},{"@type":"WebSite","@id":"https:\/\/kuehnel-orthopaedie.de\/#website","url":"https:\/\/kuehnel-orthopaedie.de\/","name":"K\u00fchnel Orthop\u00e4die Peine","description":"Ihr leistungsf\u00e4higer Partner f\u00fcr Einladen und orthop\u00e4dische Materialien","potentialAction":[{"@type":"SearchAction","target":{"@type":"EntryPoint","urlTemplate":"https:\/\/kuehnel-orthopaedie.de\/?s={search_term_string}"},"query-input":{"@type":"PropertyValueSpecification","valueRequired":true,"valueName":"search_term_string"}}],"inLanguage":"de"}]}},"_links":{"self":[{"href":"https:\/\/kuehnel-orthopaedie.de\/index.php\/wp-json\/wp\/v2\/product\/2731","targetHints":{"allow":["GET"]}}],"collection":[{"href":"https:\/\/kuehnel-orthopaedie.de\/index.php\/wp-json\/wp\/v2\/product"}],"about":[{"href":"https:\/\/kuehnel-orthopaedie.de\/index.php\/wp-json\/wp\/v2\/types\/product"}],"replies":[{"embeddable":true,"href":"https:\/\/kuehnel-orthopaedie.de\/index.php\/wp-json\/wp\/v2\/comments?post=2731"}],"wp:featuredmedia":[{"embeddable":true,"href":"https:\/\/kuehnel-orthopaedie.de\/index.php\/wp-json\/wp\/v2\/media\/2737"}],"wp:attachment":[{"href":"https:\/\/kuehnel-orthopaedie.de\/index.php\/wp-json\/wp\/v2\/media?parent=2731"}],"wp:term":[{"taxonomy":"product_brand","embeddable":true,"href":"https:\/\/kuehnel-orthopaedie.de\/index.php\/wp-json\/wp\/v2\/product_brand?post=2731"},{"taxonomy":"product_cat","embeddable":true,"href":"https:\/\/kuehnel-orthopaedie.de\/index.php\/wp-json\/wp\/v2\/product_cat?post=2731"},{"taxonomy":"product_tag","embeddable":true,"href":"https:\/\/kuehnel-orthopaedie.de\/index.php\/wp-json\/wp\/v2\/product_tag?post=2731"}],"curies":[{"name":"wp","href":"https:\/\/api.w.org\/{rel}","templated":true}]}}