{"id":2194,"date":"2020-10-13T09:05:32","date_gmt":"2020-10-13T09:05:32","guid":{"rendered":"http:\/\/kuehnel-orthopaedie.de\/?post_type=product&#038;p=2194"},"modified":"2022-09-04T08:57:17","modified_gmt":"2022-09-04T08:57:17","slug":"134-145-621-0063-0803","status":"publish","type":"product","link":"https:\/\/kuehnel-orthopaedie.de\/index.php\/produkt\/134-145-621-0063-0803\/","title":{"rendered":"134\/145\/621 0063"},"content":{"rendered":"","protected":false},"excerpt":{"rendered":"<p class=\"p1\">Dieses Modell ist eine leichte Korfant- Ledereinlage. Die weiche Pelotte<span class=\"Apple-converted-space\">\u00a0 <\/span>erm\u00f6glich ein angenehmes Gef\u00fchl beim Laufen.<\/p>\n<p><strong>Aufbau der Einlagen:<\/strong><\/p>\n<ul style=\"margin-left: -17px !important;\">\n<li class=\"p1\">Korkfant &#8211; Unterbau 40 Shore 6,0mm  <\/li>\n<li class=\"p1\">eingesetzter Keil im L\u00e4ngsgew\u00f6lbe<\/li>\n<li class=\"p1\">eingearbeitete Thermo-Versteifung<\/li>\n<li class=\"p1\">Blanklederdecke<\/li>\n<li class=\"p1\">weiche eingearbeitete Pelotte<\/li>\n<\/ul>\n<table class=\"blueTable\">\n<thead>\n<tr>\n<th>Deckenform<\/th>\n<th>Artikelnummer<\/th>\n<th>Gr\u00f6\u00dfen<\/th>\n<\/tr>\n<\/thead>\n<tfoot>\n<tr>\n<td colspan=\"3\"><\/td>\n<\/tr>\n<\/tfoot>\n<tbody>\n<tr>\n<td>Normal<\/td>\n<td>134\/135\/<\/td>\n<td>35-50<\/td>\n<\/tr>\n<tr>\n<td>Breit<\/td>\n<td>134\/136\/*<\/td>\n<td>36-48<\/td>\n<\/tr>\n<tr>\n<td>Sehr breit<\/td>\n<td>134\/137\/<\/td>\n<td>36-50<\/td>\n<\/tr>\n<tr>\n<td>Finnform D<\/td>\n<td>134\/138\/<\/td>\n<td>36-48<\/td>\n<\/tr>\n<tr>\n<td>Finnform H<\/td>\n<td>134\/139\/<\/td>\n<td>36-48<\/td>\n<\/tr>\n<\/tbody>\n<\/table>\n<p>lieferbare Leistenform 13,14,15,<\/p>\n","protected":false},"featured_media":2690,"comment_status":"open","ping_status":"closed","template":"","meta":{"_custom_body_class":"","_custom_post_class":""},"product_brand":[],"product_cat":[17,34],"product_tag":[],"class_list":{"0":"post-2194","1":"product","2":"type-product","3":"status-publish","4":"has-post-thumbnail","6":"product_cat-einlagen","7":"product_cat-kork-leder-einlagen","8":"tm-no-options-pxq","10":"first","11":"instock","12":"shipping-taxable","13":"purchasable","14":"product-type-variable"},"yoast_head":"<!-- This site is optimized with the Yoast SEO plugin v27.4 - https:\/\/yoast.com\/product\/yoast-seo-wordpress\/ -->\n<title>134\/145\/621 0063 - K\u00fchnel Orthop\u00e4die Peine<\/title>\n<meta name=\"robots\" content=\"index, follow, max-snippet:-1, max-image-preview:large, max-video-preview:-1\" \/>\n<link rel=\"canonical\" href=\"https:\/\/kuehnel-orthopaedie.de\/index.php\/produkt\/134-145-621-0063-0803\/\" \/>\n<meta property=\"og:locale\" content=\"de_DE\" \/>\n<meta property=\"og:type\" content=\"article\" \/>\n<meta property=\"og:title\" content=\"134\/145\/621 0063 - K\u00fchnel Orthop\u00e4die Peine\" \/>\n<meta property=\"og:description\" content=\"Dieses Modell ist eine leichte Korfant- Ledereinlage. Die weiche Pelotte\u00a0 erm\u00f6glich ein angenehmes Gef\u00fchl beim Laufen. Aufbau der Einlagen:   Korkfant - Unterbau 40 Shore 6,0mm   eingesetzter Keil im L\u00e4ngsgew\u00f6lbe  eingearbeitete Thermo-Versteifung  Blanklederdecke  weiche eingearbeitete Pelotte     Deckenform Artikelnummer Gr\u00f6\u00dfen          Normal 134\/135\/ 35-50   Breit 134\/136\/* 36-48   Sehr breit 134\/137\/ 36-50   Finnform D 134\/138\/ 36-48   Finnform H 134\/139\/ 36-48    lieferbare Leistenform 13,14,15,\" \/>\n<meta property=\"og:url\" content=\"https:\/\/kuehnel-orthopaedie.de\/index.php\/produkt\/134-145-621-0063-0803\/\" \/>\n<meta property=\"og:site_name\" content=\"K\u00fchnel Orthop\u00e4die Peine\" \/>\n<meta property=\"article:modified_time\" content=\"2022-09-04T08:57:17+00:00\" \/>\n<meta property=\"og:image\" content=\"https:\/\/kuehnel-orthopaedie.de\/wp-content\/uploads\/2021\/02\/210104-ku\u0308hnel-031.jpg\" \/>\n\t<meta property=\"og:image:width\" content=\"1300\" \/>\n\t<meta property=\"og:image:height\" content=\"867\" \/>\n\t<meta property=\"og:image:type\" content=\"image\/jpeg\" \/>\n<meta name=\"twitter:card\" content=\"summary_large_image\" \/>\n<script type=\"application\/ld+json\" class=\"yoast-schema-graph\">{\"@context\":\"https:\\\/\\\/schema.org\",\"@graph\":[{\"@type\":\"WebPage\",\"@id\":\"https:\\\/\\\/kuehnel-orthopaedie.de\\\/index.php\\\/produkt\\\/134-145-621-0063-0803\\\/\",\"url\":\"https:\\\/\\\/kuehnel-orthopaedie.de\\\/index.php\\\/produkt\\\/134-145-621-0063-0803\\\/\",\"name\":\"134\\\/145\\\/621 0063 - K\u00fchnel Orthop\u00e4die Peine\",\"isPartOf\":{\"@id\":\"https:\\\/\\\/kuehnel-orthopaedie.de\\\/#website\"},\"primaryImageOfPage\":{\"@id\":\"https:\\\/\\\/kuehnel-orthopaedie.de\\\/index.php\\\/produkt\\\/134-145-621-0063-0803\\\/#primaryimage\"},\"image\":{\"@id\":\"https:\\\/\\\/kuehnel-orthopaedie.de\\\/index.php\\\/produkt\\\/134-145-621-0063-0803\\\/#primaryimage\"},\"thumbnailUrl\":\"https:\\\/\\\/kuehnel-orthopaedie.de\\\/wp-content\\\/uploads\\\/2021\\\/02\\\/210104-ku\u0308hnel-031.jpg\",\"datePublished\":\"2020-10-13T09:05:32+00:00\",\"dateModified\":\"2022-09-04T08:57:17+00:00\",\"breadcrumb\":{\"@id\":\"https:\\\/\\\/kuehnel-orthopaedie.de\\\/index.php\\\/produkt\\\/134-145-621-0063-0803\\\/#breadcrumb\"},\"inLanguage\":\"de\",\"potentialAction\":[{\"@type\":\"ReadAction\",\"target\":[\"https:\\\/\\\/kuehnel-orthopaedie.de\\\/index.php\\\/produkt\\\/134-145-621-0063-0803\\\/\"]}]},{\"@type\":\"ImageObject\",\"inLanguage\":\"de\",\"@id\":\"https:\\\/\\\/kuehnel-orthopaedie.de\\\/index.php\\\/produkt\\\/134-145-621-0063-0803\\\/#primaryimage\",\"url\":\"https:\\\/\\\/kuehnel-orthopaedie.de\\\/wp-content\\\/uploads\\\/2021\\\/02\\\/210104-ku\u0308hnel-031.jpg\",\"contentUrl\":\"https:\\\/\\\/kuehnel-orthopaedie.de\\\/wp-content\\\/uploads\\\/2021\\\/02\\\/210104-ku\u0308hnel-031.jpg\",\"width\":1300,\"height\":867},{\"@type\":\"BreadcrumbList\",\"@id\":\"https:\\\/\\\/kuehnel-orthopaedie.de\\\/index.php\\\/produkt\\\/134-145-621-0063-0803\\\/#breadcrumb\",\"itemListElement\":[{\"@type\":\"ListItem\",\"position\":1,\"name\":\"Home\",\"item\":\"https:\\\/\\\/kuehnel-orthopaedie.de\\\/\"},{\"@type\":\"ListItem\",\"position\":2,\"name\":\"Shop single sidebar\",\"item\":\"https:\\\/\\\/kuehnel-orthopaedie.de\\\/index.php\\\/shop-single-sidebar\\\/\"},{\"@type\":\"ListItem\",\"position\":3,\"name\":\"134\\\/145\\\/621 0063\"}]},{\"@type\":\"WebSite\",\"@id\":\"https:\\\/\\\/kuehnel-orthopaedie.de\\\/#website\",\"url\":\"https:\\\/\\\/kuehnel-orthopaedie.de\\\/\",\"name\":\"K\u00fchnel Orthop\u00e4die Peine\",\"description\":\"Ihr leistungsf\u00e4higer Partner f\u00fcr Einladen und orthop\u00e4dische Materialien\",\"potentialAction\":[{\"@type\":\"SearchAction\",\"target\":{\"@type\":\"EntryPoint\",\"urlTemplate\":\"https:\\\/\\\/kuehnel-orthopaedie.de\\\/?s={search_term_string}\"},\"query-input\":{\"@type\":\"PropertyValueSpecification\",\"valueRequired\":true,\"valueName\":\"search_term_string\"}}],\"inLanguage\":\"de\"}]}<\/script>\n<!-- \/ Yoast SEO plugin. -->","yoast_head_json":{"title":"134\/145\/621 0063 - K\u00fchnel Orthop\u00e4die Peine","robots":{"index":"index","follow":"follow","max-snippet":"max-snippet:-1","max-image-preview":"max-image-preview:large","max-video-preview":"max-video-preview:-1"},"canonical":"https:\/\/kuehnel-orthopaedie.de\/index.php\/produkt\/134-145-621-0063-0803\/","og_locale":"de_DE","og_type":"article","og_title":"134\/145\/621 0063 - K\u00fchnel Orthop\u00e4die Peine","og_description":"Dieses Modell ist eine leichte Korfant- Ledereinlage. Die weiche Pelotte\u00a0 erm\u00f6glich ein angenehmes Gef\u00fchl beim Laufen. Aufbau der Einlagen:   Korkfant - Unterbau 40 Shore 6,0mm   eingesetzter Keil im L\u00e4ngsgew\u00f6lbe  eingearbeitete Thermo-Versteifung  Blanklederdecke  weiche eingearbeitete Pelotte     Deckenform Artikelnummer Gr\u00f6\u00dfen          Normal 134\/135\/ 35-50   Breit 134\/136\/* 36-48   Sehr breit 134\/137\/ 36-50   Finnform D 134\/138\/ 36-48   Finnform H 134\/139\/ 36-48    lieferbare Leistenform 13,14,15,","og_url":"https:\/\/kuehnel-orthopaedie.de\/index.php\/produkt\/134-145-621-0063-0803\/","og_site_name":"K\u00fchnel Orthop\u00e4die Peine","article_modified_time":"2022-09-04T08:57:17+00:00","og_image":[{"width":1300,"height":867,"url":"https:\/\/kuehnel-orthopaedie.de\/wp-content\/uploads\/2021\/02\/210104-ku\u0308hnel-031.jpg","type":"image\/jpeg"}],"twitter_card":"summary_large_image","schema":{"@context":"https:\/\/schema.org","@graph":[{"@type":"WebPage","@id":"https:\/\/kuehnel-orthopaedie.de\/index.php\/produkt\/134-145-621-0063-0803\/","url":"https:\/\/kuehnel-orthopaedie.de\/index.php\/produkt\/134-145-621-0063-0803\/","name":"134\/145\/621 0063 - K\u00fchnel Orthop\u00e4die Peine","isPartOf":{"@id":"https:\/\/kuehnel-orthopaedie.de\/#website"},"primaryImageOfPage":{"@id":"https:\/\/kuehnel-orthopaedie.de\/index.php\/produkt\/134-145-621-0063-0803\/#primaryimage"},"image":{"@id":"https:\/\/kuehnel-orthopaedie.de\/index.php\/produkt\/134-145-621-0063-0803\/#primaryimage"},"thumbnailUrl":"https:\/\/kuehnel-orthopaedie.de\/wp-content\/uploads\/2021\/02\/210104-ku\u0308hnel-031.jpg","datePublished":"2020-10-13T09:05:32+00:00","dateModified":"2022-09-04T08:57:17+00:00","breadcrumb":{"@id":"https:\/\/kuehnel-orthopaedie.de\/index.php\/produkt\/134-145-621-0063-0803\/#breadcrumb"},"inLanguage":"de","potentialAction":[{"@type":"ReadAction","target":["https:\/\/kuehnel-orthopaedie.de\/index.php\/produkt\/134-145-621-0063-0803\/"]}]},{"@type":"ImageObject","inLanguage":"de","@id":"https:\/\/kuehnel-orthopaedie.de\/index.php\/produkt\/134-145-621-0063-0803\/#primaryimage","url":"https:\/\/kuehnel-orthopaedie.de\/wp-content\/uploads\/2021\/02\/210104-ku\u0308hnel-031.jpg","contentUrl":"https:\/\/kuehnel-orthopaedie.de\/wp-content\/uploads\/2021\/02\/210104-ku\u0308hnel-031.jpg","width":1300,"height":867},{"@type":"BreadcrumbList","@id":"https:\/\/kuehnel-orthopaedie.de\/index.php\/produkt\/134-145-621-0063-0803\/#breadcrumb","itemListElement":[{"@type":"ListItem","position":1,"name":"Home","item":"https:\/\/kuehnel-orthopaedie.de\/"},{"@type":"ListItem","position":2,"name":"Shop single sidebar","item":"https:\/\/kuehnel-orthopaedie.de\/index.php\/shop-single-sidebar\/"},{"@type":"ListItem","position":3,"name":"134\/145\/621 0063"}]},{"@type":"WebSite","@id":"https:\/\/kuehnel-orthopaedie.de\/#website","url":"https:\/\/kuehnel-orthopaedie.de\/","name":"K\u00fchnel Orthop\u00e4die Peine","description":"Ihr leistungsf\u00e4higer Partner f\u00fcr Einladen und orthop\u00e4dische Materialien","potentialAction":[{"@type":"SearchAction","target":{"@type":"EntryPoint","urlTemplate":"https:\/\/kuehnel-orthopaedie.de\/?s={search_term_string}"},"query-input":{"@type":"PropertyValueSpecification","valueRequired":true,"valueName":"search_term_string"}}],"inLanguage":"de"}]}},"_links":{"self":[{"href":"https:\/\/kuehnel-orthopaedie.de\/index.php\/wp-json\/wp\/v2\/product\/2194","targetHints":{"allow":["GET"]}}],"collection":[{"href":"https:\/\/kuehnel-orthopaedie.de\/index.php\/wp-json\/wp\/v2\/product"}],"about":[{"href":"https:\/\/kuehnel-orthopaedie.de\/index.php\/wp-json\/wp\/v2\/types\/product"}],"replies":[{"embeddable":true,"href":"https:\/\/kuehnel-orthopaedie.de\/index.php\/wp-json\/wp\/v2\/comments?post=2194"}],"wp:featuredmedia":[{"embeddable":true,"href":"https:\/\/kuehnel-orthopaedie.de\/index.php\/wp-json\/wp\/v2\/media\/2690"}],"wp:attachment":[{"href":"https:\/\/kuehnel-orthopaedie.de\/index.php\/wp-json\/wp\/v2\/media?parent=2194"}],"wp:term":[{"taxonomy":"product_brand","embeddable":true,"href":"https:\/\/kuehnel-orthopaedie.de\/index.php\/wp-json\/wp\/v2\/product_brand?post=2194"},{"taxonomy":"product_cat","embeddable":true,"href":"https:\/\/kuehnel-orthopaedie.de\/index.php\/wp-json\/wp\/v2\/product_cat?post=2194"},{"taxonomy":"product_tag","embeddable":true,"href":"https:\/\/kuehnel-orthopaedie.de\/index.php\/wp-json\/wp\/v2\/product_tag?post=2194"}],"curies":[{"name":"wp","href":"https:\/\/api.w.org\/{rel}","templated":true}]}}