{"id":2026,"date":"2020-09-23T09:41:28","date_gmt":"2020-09-23T09:41:28","guid":{"rendered":"http:\/\/kuehnel-orthopaedie.de\/?post_type=product&#038;p=2026"},"modified":"2021-05-05T11:04:42","modified_gmt":"2021-05-05T11:04:42","slug":"139-135-624-2003-21","status":"publish","type":"product","link":"https:\/\/kuehnel-orthopaedie.de\/index.php\/produkt\/139-135-624-2003-21\/","title":{"rendered":"139\/135\/624 2003.21"},"content":{"rendered":"","protected":false},"excerpt":{"rendered":"<p>Diese preiswerte, beliebte Einlage ist ein vielseitig einsetzbares Modell. Lieferbar in verschieden Leisten und Deckenformen, sowie Fabrkombinationen.<\/p>\n<p><strong>Aufbau der Einlagen:<\/strong><\/p>\n<ul style=\"margin-left: -17px !important;\">\n<li class=\"p1\">Orthoform &#8211; Unterbau 35 Shore 10,0mm <span class=\"Apple-converted-space\">\u00a0 <\/span><\/li>\n<li class=\"p1\">eingearbeitete Thermo-Versteifung<\/li>\n<li class=\"p1\">Orthoform-Polsterdecke 3,0 mm , 25 Shore, perforiert oder glatt<\/li>\n<li class=\"p1\">gedr\u00fcckte Pelotte<\/li>\n<\/ul>\n<table class=\"blueTable\">\n<thead>\n<tr>\n<th>Deckenform<\/th>\n<th>Artikelnummer<\/th>\n<th>Gr\u00f6\u00dfen<\/th>\n<\/tr>\n<\/thead>\n<tfoot>\n<tr>\n<td colspan=\"3\"><\/td>\n<\/tr>\n<\/tfoot>\n<tbody>\n<tr>\n<td>mittelbreit<\/td>\n<td>139\/135\/*<\/td>\n<td>35-50<\/td>\n<\/tr>\n<tr>\n<td>breit<\/td>\n<td>139\/136\/<\/td>\n<td>36-48<\/td>\n<\/tr>\n<tr>\n<td>sehr breit<\/td>\n<td>139\/137\/<\/td>\n<td>36-50<\/td>\n<\/tr>\n<tr>\n<td>Finnform D<\/td>\n<td>139\/138\/<\/td>\n<td>36-48<\/td>\n<\/tr>\n<tr>\n<td>Finnform H<\/td>\n<td>139\/139\/<\/td>\n<td>36-48<\/td>\n<\/tr>\n<\/tbody>\n<\/table>\n<p>lieferbare Leistenform 13,14,15,<br \/>\n* abgebildetes Model<\/p>\n","protected":false},"featured_media":2430,"comment_status":"open","ping_status":"closed","template":"","meta":{"_custom_body_class":"","_custom_post_class":""},"product_brand":[],"product_cat":[73,17,43],"product_tag":[],"class_list":{"0":"post-2026","1":"product","2":"type-product","3":"status-publish","4":"has-post-thumbnail","6":"product_cat-gruppe-139","7":"product_cat-einlagen","8":"product_cat-weichschaum","9":"tm-no-options-pxq","11":"first","12":"instock","13":"shipping-taxable","14":"purchasable","15":"product-type-variable"},"yoast_head":"<!-- This site is optimized with the Yoast SEO plugin v27.4 - https:\/\/yoast.com\/product\/yoast-seo-wordpress\/ -->\n<title>139\/135\/624 2003.21 - K\u00fchnel Orthop\u00e4die Peine<\/title>\n<meta name=\"robots\" content=\"index, follow, max-snippet:-1, max-image-preview:large, max-video-preview:-1\" \/>\n<link rel=\"canonical\" href=\"https:\/\/kuehnel-orthopaedie.de\/index.php\/produkt\/139-135-624-2003-21\/\" \/>\n<meta property=\"og:locale\" content=\"de_DE\" \/>\n<meta property=\"og:type\" content=\"article\" \/>\n<meta property=\"og:title\" content=\"139\/135\/624 2003.21 - K\u00fchnel Orthop\u00e4die Peine\" \/>\n<meta property=\"og:description\" content=\"Diese preiswerte, beliebte Einlage ist ein vielseitig einsetzbares Modell. Lieferbar in verschieden Leisten und Deckenformen, sowie Fabrkombinationen.  Aufbau der Einlagen:   Orthoform - Unterbau 35 Shore 10,0mm \u00a0   eingearbeitete Thermo-Versteifung  Orthoform-Polsterdecke 3,0 mm , 25 Shore, perforiert oder glatt  gedr\u00fcckte Pelotte     Deckenform Artikelnummer Gr\u00f6\u00dfen          mittelbreit 139\/135\/* 35-50   breit 139\/136\/ 36-48   sehr breit 139\/137\/ 36-50   Finnform D 139\/138\/ 36-48   Finnform H 139\/139\/ 36-48    lieferbare Leistenform 13,14,15, * abgebildetes Model\" \/>\n<meta property=\"og:url\" content=\"https:\/\/kuehnel-orthopaedie.de\/index.php\/produkt\/139-135-624-2003-21\/\" \/>\n<meta property=\"og:site_name\" content=\"K\u00fchnel Orthop\u00e4die Peine\" \/>\n<meta property=\"article:modified_time\" content=\"2021-05-05T11:04:42+00:00\" \/>\n<meta property=\"og:image\" content=\"https:\/\/kuehnel-orthopaedie.de\/wp-content\/uploads\/2020\/09\/210106-ku\u0308hnel-033.jpg\" \/>\n\t<meta property=\"og:image:width\" content=\"1300\" \/>\n\t<meta property=\"og:image:height\" content=\"867\" \/>\n\t<meta property=\"og:image:type\" content=\"image\/jpeg\" \/>\n<meta name=\"twitter:card\" content=\"summary_large_image\" \/>\n<script type=\"application\/ld+json\" class=\"yoast-schema-graph\">{\"@context\":\"https:\\\/\\\/schema.org\",\"@graph\":[{\"@type\":\"WebPage\",\"@id\":\"https:\\\/\\\/kuehnel-orthopaedie.de\\\/index.php\\\/produkt\\\/139-135-624-2003-21\\\/\",\"url\":\"https:\\\/\\\/kuehnel-orthopaedie.de\\\/index.php\\\/produkt\\\/139-135-624-2003-21\\\/\",\"name\":\"139\\\/135\\\/624 2003.21 - K\u00fchnel Orthop\u00e4die Peine\",\"isPartOf\":{\"@id\":\"https:\\\/\\\/kuehnel-orthopaedie.de\\\/#website\"},\"primaryImageOfPage\":{\"@id\":\"https:\\\/\\\/kuehnel-orthopaedie.de\\\/index.php\\\/produkt\\\/139-135-624-2003-21\\\/#primaryimage\"},\"image\":{\"@id\":\"https:\\\/\\\/kuehnel-orthopaedie.de\\\/index.php\\\/produkt\\\/139-135-624-2003-21\\\/#primaryimage\"},\"thumbnailUrl\":\"https:\\\/\\\/kuehnel-orthopaedie.de\\\/wp-content\\\/uploads\\\/2020\\\/09\\\/210106-ku\u0308hnel-033.jpg\",\"datePublished\":\"2020-09-23T09:41:28+00:00\",\"dateModified\":\"2021-05-05T11:04:42+00:00\",\"breadcrumb\":{\"@id\":\"https:\\\/\\\/kuehnel-orthopaedie.de\\\/index.php\\\/produkt\\\/139-135-624-2003-21\\\/#breadcrumb\"},\"inLanguage\":\"de\",\"potentialAction\":[{\"@type\":\"ReadAction\",\"target\":[\"https:\\\/\\\/kuehnel-orthopaedie.de\\\/index.php\\\/produkt\\\/139-135-624-2003-21\\\/\"]}]},{\"@type\":\"ImageObject\",\"inLanguage\":\"de\",\"@id\":\"https:\\\/\\\/kuehnel-orthopaedie.de\\\/index.php\\\/produkt\\\/139-135-624-2003-21\\\/#primaryimage\",\"url\":\"https:\\\/\\\/kuehnel-orthopaedie.de\\\/wp-content\\\/uploads\\\/2020\\\/09\\\/210106-ku\u0308hnel-033.jpg\",\"contentUrl\":\"https:\\\/\\\/kuehnel-orthopaedie.de\\\/wp-content\\\/uploads\\\/2020\\\/09\\\/210106-ku\u0308hnel-033.jpg\",\"width\":1300,\"height\":867},{\"@type\":\"BreadcrumbList\",\"@id\":\"https:\\\/\\\/kuehnel-orthopaedie.de\\\/index.php\\\/produkt\\\/139-135-624-2003-21\\\/#breadcrumb\",\"itemListElement\":[{\"@type\":\"ListItem\",\"position\":1,\"name\":\"Home\",\"item\":\"https:\\\/\\\/kuehnel-orthopaedie.de\\\/\"},{\"@type\":\"ListItem\",\"position\":2,\"name\":\"Shop single sidebar\",\"item\":\"https:\\\/\\\/kuehnel-orthopaedie.de\\\/index.php\\\/shop-single-sidebar\\\/\"},{\"@type\":\"ListItem\",\"position\":3,\"name\":\"139\\\/135\\\/624 2003.21\"}]},{\"@type\":\"WebSite\",\"@id\":\"https:\\\/\\\/kuehnel-orthopaedie.de\\\/#website\",\"url\":\"https:\\\/\\\/kuehnel-orthopaedie.de\\\/\",\"name\":\"K\u00fchnel Orthop\u00e4die Peine\",\"description\":\"Ihr leistungsf\u00e4higer Partner f\u00fcr Einladen und orthop\u00e4dische Materialien\",\"potentialAction\":[{\"@type\":\"SearchAction\",\"target\":{\"@type\":\"EntryPoint\",\"urlTemplate\":\"https:\\\/\\\/kuehnel-orthopaedie.de\\\/?s={search_term_string}\"},\"query-input\":{\"@type\":\"PropertyValueSpecification\",\"valueRequired\":true,\"valueName\":\"search_term_string\"}}],\"inLanguage\":\"de\"}]}<\/script>\n<!-- \/ Yoast SEO plugin. -->","yoast_head_json":{"title":"139\/135\/624 2003.21 - K\u00fchnel Orthop\u00e4die Peine","robots":{"index":"index","follow":"follow","max-snippet":"max-snippet:-1","max-image-preview":"max-image-preview:large","max-video-preview":"max-video-preview:-1"},"canonical":"https:\/\/kuehnel-orthopaedie.de\/index.php\/produkt\/139-135-624-2003-21\/","og_locale":"de_DE","og_type":"article","og_title":"139\/135\/624 2003.21 - K\u00fchnel Orthop\u00e4die Peine","og_description":"Diese preiswerte, beliebte Einlage ist ein vielseitig einsetzbares Modell. Lieferbar in verschieden Leisten und Deckenformen, sowie Fabrkombinationen.  Aufbau der Einlagen:   Orthoform - Unterbau 35 Shore 10,0mm \u00a0   eingearbeitete Thermo-Versteifung  Orthoform-Polsterdecke 3,0 mm , 25 Shore, perforiert oder glatt  gedr\u00fcckte Pelotte     Deckenform Artikelnummer Gr\u00f6\u00dfen          mittelbreit 139\/135\/* 35-50   breit 139\/136\/ 36-48   sehr breit 139\/137\/ 36-50   Finnform D 139\/138\/ 36-48   Finnform H 139\/139\/ 36-48    lieferbare Leistenform 13,14,15, * abgebildetes Model","og_url":"https:\/\/kuehnel-orthopaedie.de\/index.php\/produkt\/139-135-624-2003-21\/","og_site_name":"K\u00fchnel Orthop\u00e4die Peine","article_modified_time":"2021-05-05T11:04:42+00:00","og_image":[{"width":1300,"height":867,"url":"https:\/\/kuehnel-orthopaedie.de\/wp-content\/uploads\/2020\/09\/210106-ku\u0308hnel-033.jpg","type":"image\/jpeg"}],"twitter_card":"summary_large_image","schema":{"@context":"https:\/\/schema.org","@graph":[{"@type":"WebPage","@id":"https:\/\/kuehnel-orthopaedie.de\/index.php\/produkt\/139-135-624-2003-21\/","url":"https:\/\/kuehnel-orthopaedie.de\/index.php\/produkt\/139-135-624-2003-21\/","name":"139\/135\/624 2003.21 - K\u00fchnel Orthop\u00e4die Peine","isPartOf":{"@id":"https:\/\/kuehnel-orthopaedie.de\/#website"},"primaryImageOfPage":{"@id":"https:\/\/kuehnel-orthopaedie.de\/index.php\/produkt\/139-135-624-2003-21\/#primaryimage"},"image":{"@id":"https:\/\/kuehnel-orthopaedie.de\/index.php\/produkt\/139-135-624-2003-21\/#primaryimage"},"thumbnailUrl":"https:\/\/kuehnel-orthopaedie.de\/wp-content\/uploads\/2020\/09\/210106-ku\u0308hnel-033.jpg","datePublished":"2020-09-23T09:41:28+00:00","dateModified":"2021-05-05T11:04:42+00:00","breadcrumb":{"@id":"https:\/\/kuehnel-orthopaedie.de\/index.php\/produkt\/139-135-624-2003-21\/#breadcrumb"},"inLanguage":"de","potentialAction":[{"@type":"ReadAction","target":["https:\/\/kuehnel-orthopaedie.de\/index.php\/produkt\/139-135-624-2003-21\/"]}]},{"@type":"ImageObject","inLanguage":"de","@id":"https:\/\/kuehnel-orthopaedie.de\/index.php\/produkt\/139-135-624-2003-21\/#primaryimage","url":"https:\/\/kuehnel-orthopaedie.de\/wp-content\/uploads\/2020\/09\/210106-ku\u0308hnel-033.jpg","contentUrl":"https:\/\/kuehnel-orthopaedie.de\/wp-content\/uploads\/2020\/09\/210106-ku\u0308hnel-033.jpg","width":1300,"height":867},{"@type":"BreadcrumbList","@id":"https:\/\/kuehnel-orthopaedie.de\/index.php\/produkt\/139-135-624-2003-21\/#breadcrumb","itemListElement":[{"@type":"ListItem","position":1,"name":"Home","item":"https:\/\/kuehnel-orthopaedie.de\/"},{"@type":"ListItem","position":2,"name":"Shop single sidebar","item":"https:\/\/kuehnel-orthopaedie.de\/index.php\/shop-single-sidebar\/"},{"@type":"ListItem","position":3,"name":"139\/135\/624 2003.21"}]},{"@type":"WebSite","@id":"https:\/\/kuehnel-orthopaedie.de\/#website","url":"https:\/\/kuehnel-orthopaedie.de\/","name":"K\u00fchnel Orthop\u00e4die Peine","description":"Ihr leistungsf\u00e4higer Partner f\u00fcr Einladen und orthop\u00e4dische Materialien","potentialAction":[{"@type":"SearchAction","target":{"@type":"EntryPoint","urlTemplate":"https:\/\/kuehnel-orthopaedie.de\/?s={search_term_string}"},"query-input":{"@type":"PropertyValueSpecification","valueRequired":true,"valueName":"search_term_string"}}],"inLanguage":"de"}]}},"_links":{"self":[{"href":"https:\/\/kuehnel-orthopaedie.de\/index.php\/wp-json\/wp\/v2\/product\/2026","targetHints":{"allow":["GET"]}}],"collection":[{"href":"https:\/\/kuehnel-orthopaedie.de\/index.php\/wp-json\/wp\/v2\/product"}],"about":[{"href":"https:\/\/kuehnel-orthopaedie.de\/index.php\/wp-json\/wp\/v2\/types\/product"}],"replies":[{"embeddable":true,"href":"https:\/\/kuehnel-orthopaedie.de\/index.php\/wp-json\/wp\/v2\/comments?post=2026"}],"wp:featuredmedia":[{"embeddable":true,"href":"https:\/\/kuehnel-orthopaedie.de\/index.php\/wp-json\/wp\/v2\/media\/2430"}],"wp:attachment":[{"href":"https:\/\/kuehnel-orthopaedie.de\/index.php\/wp-json\/wp\/v2\/media?parent=2026"}],"wp:term":[{"taxonomy":"product_brand","embeddable":true,"href":"https:\/\/kuehnel-orthopaedie.de\/index.php\/wp-json\/wp\/v2\/product_brand?post=2026"},{"taxonomy":"product_cat","embeddable":true,"href":"https:\/\/kuehnel-orthopaedie.de\/index.php\/wp-json\/wp\/v2\/product_cat?post=2026"},{"taxonomy":"product_tag","embeddable":true,"href":"https:\/\/kuehnel-orthopaedie.de\/index.php\/wp-json\/wp\/v2\/product_tag?post=2026"}],"curies":[{"name":"wp","href":"https:\/\/api.w.org\/{rel}","templated":true}]}}