{"id":1978,"date":"2020-09-23T07:06:04","date_gmt":"2020-09-23T07:06:04","guid":{"rendered":"http:\/\/kuehnel-orthopaedie.de\/?post_type=product&#038;p=1978"},"modified":"2020-09-23T07:06:40","modified_gmt":"2020-09-23T07:06:40","slug":"korkprodukt","status":"publish","type":"product","link":"https:\/\/kuehnel-orthopaedie.de\/index.php\/produkt\/korkprodukt\/","title":{"rendered":"Korkprodukt"},"content":{"rendered":"<p>&nbsp;<\/p>\n<table style=\"height: 302px;\" width=\"443\" cellspacing=\"0\" cellpadding=\"0\">\n<tbody>\n<tr>\n<td valign=\"bottom\"><span style=\"color: #000000; font-family: Calibri; font-size: medium;\">Ausf\u00fchrung: <\/span><\/td>\n<td valign=\"bottom\"><span style=\"color: #000000; font-family: Calibri; font-size: medium;\">Orthoformpolster 3,0 mm 25 Shore<\/span><\/td>\n<td valign=\"bottom\"><\/td>\n<td valign=\"bottom\"><\/td>\n<\/tr>\n<tr>\n<td valign=\"bottom\"><\/td>\n<td valign=\"bottom\"><span style=\"color: #000000; font-family: Calibri; font-size: medium;\">Orthoflex Kern<\/span><\/td>\n<td valign=\"bottom\"><\/td>\n<td valign=\"bottom\"><\/td>\n<\/tr>\n<tr>\n<td valign=\"bottom\"><\/td>\n<td valign=\"bottom\"><span style=\"color: #000000; font-family: Calibri; font-size: medium;\">Orthoformpolster 3,0 mm 25 Shore<\/span><\/td>\n<td valign=\"bottom\"><\/td>\n<td valign=\"bottom\"><\/td>\n<\/tr>\n<tr>\n<td valign=\"bottom\"><\/td>\n<td valign=\"bottom\"><span style=\"color: #000000; font-family: Calibri; font-size: medium;\">Fersenpolster Poron 3,0<\/span><\/td>\n<td valign=\"bottom\"><\/td>\n<td valign=\"bottom\"><\/td>\n<\/tr>\n<tr>\n<td valign=\"bottom\"><\/td>\n<td valign=\"bottom\"><span style=\"color: #000000; font-family: Calibri; font-size: medium;\">weicher Premium Kalblederbezug<\/span><\/td>\n<td valign=\"bottom\"><\/td>\n<td valign=\"bottom\"><\/td>\n<\/tr>\n<\/tbody>\n<\/table>\n<p>&nbsp;<\/p>\n<p>&nbsp;<\/p>\n<table style=\"height: 350px;\" width=\"733\" cellspacing=\"0\" cellpadding=\"0\">\n<tbody>\n<tr>\n<td valign=\"bottom\"><span style=\"color: #000000; font-family: Calibri; font-size: medium;\">Deckenform<\/span><\/td>\n<td valign=\"bottom\"><\/td>\n<td valign=\"bottom\"><span style=\"color: #000000; font-family: Calibri; font-size: medium;\">Artikelnummer<\/span><\/td>\n<td valign=\"bottom\"><\/td>\n<td valign=\"bottom\"><span style=\"color: #000000; font-family: Calibri; font-size: medium;\">Gr\u00f6\u00dfen<\/span><\/td>\n<\/tr>\n<tr>\n<td valign=\"bottom\"><\/td>\n<td valign=\"bottom\"><\/td>\n<td valign=\"bottom\"><\/td>\n<td valign=\"bottom\"><\/td>\n<td valign=\"bottom\"><\/td>\n<\/tr>\n<tr>\n<td valign=\"bottom\"><span style=\"color: #000000; font-family: Calibri; font-size: medium;\">normal<\/span><\/td>\n<td valign=\"bottom\"><\/td>\n<td valign=\"bottom\"><span style=\"color: #000000; font-family: Calibri; font-size: medium;\">150\/122*<\/span><\/td>\n<td valign=\"bottom\"><\/td>\n<td valign=\"bottom\"><span style=\"color: #000000; font-family: Calibri; font-size: medium;\">35-50<\/span><\/td>\n<\/tr>\n<tr>\n<td valign=\"bottom\"><span style=\"color: #000000; font-family: Calibri; font-size: medium;\">breit<\/span><\/td>\n<td valign=\"bottom\"><\/td>\n<td valign=\"bottom\"><span style=\"color: #000000; font-family: Calibri; font-size: medium;\">150\/125<\/span><\/td>\n<td valign=\"bottom\"><\/td>\n<td valign=\"bottom\"><span style=\"color: #000000; font-family: Calibri; font-size: medium;\">36-48<\/span><\/td>\n<\/tr>\n<tr>\n<td valign=\"bottom\"><span style=\"color: #000000; font-family: Calibri; font-size: medium;\">Finnform D<\/span><\/td>\n<td valign=\"bottom\"><\/td>\n<td valign=\"bottom\"><span style=\"color: #000000; font-family: Calibri; font-size: medium;\">150\/128<\/span><\/td>\n<td valign=\"bottom\"><\/td>\n<td valign=\"bottom\"><span style=\"color: #000000; font-family: Calibri; font-size: medium;\">36-48<\/span><\/td>\n<\/tr>\n<tr>\n<td valign=\"bottom\"><span style=\"color: #000000; font-family: Calibri; font-size: medium;\">Finnform H<\/span><\/td>\n<td valign=\"bottom\"><\/td>\n<td valign=\"bottom\"><span style=\"color: #000000; font-family: Calibri; font-size: medium;\">150\/129<\/span><\/td>\n<td valign=\"bottom\"><\/td>\n<td valign=\"bottom\"><span style=\"color: #000000; font-family: Calibri; font-size: medium;\">36-48<\/span><\/td>\n<\/tr>\n<\/tbody>\n<\/table>\n","protected":false},"excerpt":{"rendered":"<p class=\"p1\">In dieser Gruppe finden Sie Einlagen nit speziellem hohen Tragecomfort. F\u00fcr die Bereiche Senk\/Spreizfu\u00df und Knickfu\u00df haben wir diese Modellreihe<span class=\"Apple-converted-space\">\u00a0 <\/span>entwickelt. <span class=\"Apple-converted-space\">\u00a0 <\/span>Die verschiedenen Materialkombinationen, Bettungs-und Deckenformen geben eine gro\u00dfe Bandbreite einer effektiven Versorgung.<\/p>\n<p class=\"p1\"><strong>Gerne beraten wir Sie telefonisch unter der: 05171\/55241<\/strong><\/p>\n","protected":false},"featured_media":1854,"comment_status":"open","ping_status":"closed","template":"","meta":{"_custom_body_class":"","_custom_post_class":""},"product_brand":[],"product_cat":[40,15],"product_tag":[],"class_list":{"0":"post-1978","1":"product","2":"type-product","3":"status-publish","4":"has-post-thumbnail","6":"product_cat-kork","7":"product_cat-material","8":"tm-no-options-pxq","10":"first","11":"outofstock","12":"shipping-taxable","13":"purchasable","14":"product-type-simple"},"yoast_head":"<!-- This site is optimized with the Yoast SEO plugin v27.4 - https:\/\/yoast.com\/product\/yoast-seo-wordpress\/ -->\n<title>Korkprodukt - K\u00fchnel Orthop\u00e4die Peine<\/title>\n<meta name=\"robots\" content=\"index, follow, max-snippet:-1, max-image-preview:large, max-video-preview:-1\" \/>\n<link rel=\"canonical\" href=\"https:\/\/kuehnel-orthopaedie.de\/index.php\/produkt\/korkprodukt\/\" \/>\n<meta property=\"og:locale\" content=\"de_DE\" \/>\n<meta property=\"og:type\" content=\"article\" \/>\n<meta property=\"og:title\" content=\"Korkprodukt - K\u00fchnel Orthop\u00e4die Peine\" \/>\n<meta property=\"og:description\" content=\"In dieser Gruppe finden Sie Einlagen nit speziellem hohen Tragecomfort. F\u00fcr die Bereiche Senk\/Spreizfu\u00df und Knickfu\u00df haben wir diese Modellreihe\u00a0 entwickelt. \u00a0 Die verschiedenen Materialkombinationen, Bettungs-und Deckenformen geben eine gro\u00dfe Bandbreite einer effektiven Versorgung. Gerne beraten wir Sie telefonisch unter der: 05171\/55241\" \/>\n<meta property=\"og:url\" content=\"https:\/\/kuehnel-orthopaedie.de\/index.php\/produkt\/korkprodukt\/\" \/>\n<meta property=\"og:site_name\" content=\"K\u00fchnel Orthop\u00e4die Peine\" \/>\n<meta property=\"article:modified_time\" content=\"2020-09-23T07:06:40+00:00\" \/>\n<meta property=\"og:image\" content=\"https:\/\/kuehnel-orthopaedie.de\/wp-content\/uploads\/2020\/09\/2Einlagen-Ku\u0308hnel.jpg\" \/>\n\t<meta property=\"og:image:width\" content=\"1200\" \/>\n\t<meta property=\"og:image:height\" content=\"1200\" \/>\n\t<meta property=\"og:image:type\" content=\"image\/jpeg\" \/>\n<meta name=\"twitter:card\" content=\"summary_large_image\" \/>\n<script type=\"application\/ld+json\" class=\"yoast-schema-graph\">{\"@context\":\"https:\\\/\\\/schema.org\",\"@graph\":[{\"@type\":\"WebPage\",\"@id\":\"https:\\\/\\\/kuehnel-orthopaedie.de\\\/index.php\\\/produkt\\\/korkprodukt\\\/\",\"url\":\"https:\\\/\\\/kuehnel-orthopaedie.de\\\/index.php\\\/produkt\\\/korkprodukt\\\/\",\"name\":\"Korkprodukt - K\u00fchnel Orthop\u00e4die Peine\",\"isPartOf\":{\"@id\":\"https:\\\/\\\/kuehnel-orthopaedie.de\\\/#website\"},\"primaryImageOfPage\":{\"@id\":\"https:\\\/\\\/kuehnel-orthopaedie.de\\\/index.php\\\/produkt\\\/korkprodukt\\\/#primaryimage\"},\"image\":{\"@id\":\"https:\\\/\\\/kuehnel-orthopaedie.de\\\/index.php\\\/produkt\\\/korkprodukt\\\/#primaryimage\"},\"thumbnailUrl\":\"https:\\\/\\\/kuehnel-orthopaedie.de\\\/wp-content\\\/uploads\\\/2020\\\/09\\\/2Einlagen-Ku\u0308hnel.jpg\",\"datePublished\":\"2020-09-23T07:06:04+00:00\",\"dateModified\":\"2020-09-23T07:06:40+00:00\",\"breadcrumb\":{\"@id\":\"https:\\\/\\\/kuehnel-orthopaedie.de\\\/index.php\\\/produkt\\\/korkprodukt\\\/#breadcrumb\"},\"inLanguage\":\"de\",\"potentialAction\":[{\"@type\":\"ReadAction\",\"target\":[\"https:\\\/\\\/kuehnel-orthopaedie.de\\\/index.php\\\/produkt\\\/korkprodukt\\\/\"]}]},{\"@type\":\"ImageObject\",\"inLanguage\":\"de\",\"@id\":\"https:\\\/\\\/kuehnel-orthopaedie.de\\\/index.php\\\/produkt\\\/korkprodukt\\\/#primaryimage\",\"url\":\"https:\\\/\\\/kuehnel-orthopaedie.de\\\/wp-content\\\/uploads\\\/2020\\\/09\\\/2Einlagen-Ku\u0308hnel.jpg\",\"contentUrl\":\"https:\\\/\\\/kuehnel-orthopaedie.de\\\/wp-content\\\/uploads\\\/2020\\\/09\\\/2Einlagen-Ku\u0308hnel.jpg\",\"width\":1200,\"height\":1200},{\"@type\":\"BreadcrumbList\",\"@id\":\"https:\\\/\\\/kuehnel-orthopaedie.de\\\/index.php\\\/produkt\\\/korkprodukt\\\/#breadcrumb\",\"itemListElement\":[{\"@type\":\"ListItem\",\"position\":1,\"name\":\"Home\",\"item\":\"https:\\\/\\\/kuehnel-orthopaedie.de\\\/\"},{\"@type\":\"ListItem\",\"position\":2,\"name\":\"Shop single sidebar\",\"item\":\"https:\\\/\\\/kuehnel-orthopaedie.de\\\/index.php\\\/shop-single-sidebar\\\/\"},{\"@type\":\"ListItem\",\"position\":3,\"name\":\"Korkprodukt\"}]},{\"@type\":\"WebSite\",\"@id\":\"https:\\\/\\\/kuehnel-orthopaedie.de\\\/#website\",\"url\":\"https:\\\/\\\/kuehnel-orthopaedie.de\\\/\",\"name\":\"K\u00fchnel Orthop\u00e4die Peine\",\"description\":\"Ihr leistungsf\u00e4higer Partner f\u00fcr Einladen und orthop\u00e4dische Materialien\",\"potentialAction\":[{\"@type\":\"SearchAction\",\"target\":{\"@type\":\"EntryPoint\",\"urlTemplate\":\"https:\\\/\\\/kuehnel-orthopaedie.de\\\/?s={search_term_string}\"},\"query-input\":{\"@type\":\"PropertyValueSpecification\",\"valueRequired\":true,\"valueName\":\"search_term_string\"}}],\"inLanguage\":\"de\"}]}<\/script>\n<!-- \/ Yoast SEO plugin. -->","yoast_head_json":{"title":"Korkprodukt - K\u00fchnel Orthop\u00e4die Peine","robots":{"index":"index","follow":"follow","max-snippet":"max-snippet:-1","max-image-preview":"max-image-preview:large","max-video-preview":"max-video-preview:-1"},"canonical":"https:\/\/kuehnel-orthopaedie.de\/index.php\/produkt\/korkprodukt\/","og_locale":"de_DE","og_type":"article","og_title":"Korkprodukt - K\u00fchnel Orthop\u00e4die Peine","og_description":"In dieser Gruppe finden Sie Einlagen nit speziellem hohen Tragecomfort. F\u00fcr die Bereiche Senk\/Spreizfu\u00df und Knickfu\u00df haben wir diese Modellreihe\u00a0 entwickelt. \u00a0 Die verschiedenen Materialkombinationen, Bettungs-und Deckenformen geben eine gro\u00dfe Bandbreite einer effektiven Versorgung. Gerne beraten wir Sie telefonisch unter der: 05171\/55241","og_url":"https:\/\/kuehnel-orthopaedie.de\/index.php\/produkt\/korkprodukt\/","og_site_name":"K\u00fchnel Orthop\u00e4die Peine","article_modified_time":"2020-09-23T07:06:40+00:00","og_image":[{"width":1200,"height":1200,"url":"https:\/\/kuehnel-orthopaedie.de\/wp-content\/uploads\/2020\/09\/2Einlagen-Ku\u0308hnel.jpg","type":"image\/jpeg"}],"twitter_card":"summary_large_image","schema":{"@context":"https:\/\/schema.org","@graph":[{"@type":"WebPage","@id":"https:\/\/kuehnel-orthopaedie.de\/index.php\/produkt\/korkprodukt\/","url":"https:\/\/kuehnel-orthopaedie.de\/index.php\/produkt\/korkprodukt\/","name":"Korkprodukt - K\u00fchnel Orthop\u00e4die Peine","isPartOf":{"@id":"https:\/\/kuehnel-orthopaedie.de\/#website"},"primaryImageOfPage":{"@id":"https:\/\/kuehnel-orthopaedie.de\/index.php\/produkt\/korkprodukt\/#primaryimage"},"image":{"@id":"https:\/\/kuehnel-orthopaedie.de\/index.php\/produkt\/korkprodukt\/#primaryimage"},"thumbnailUrl":"https:\/\/kuehnel-orthopaedie.de\/wp-content\/uploads\/2020\/09\/2Einlagen-Ku\u0308hnel.jpg","datePublished":"2020-09-23T07:06:04+00:00","dateModified":"2020-09-23T07:06:40+00:00","breadcrumb":{"@id":"https:\/\/kuehnel-orthopaedie.de\/index.php\/produkt\/korkprodukt\/#breadcrumb"},"inLanguage":"de","potentialAction":[{"@type":"ReadAction","target":["https:\/\/kuehnel-orthopaedie.de\/index.php\/produkt\/korkprodukt\/"]}]},{"@type":"ImageObject","inLanguage":"de","@id":"https:\/\/kuehnel-orthopaedie.de\/index.php\/produkt\/korkprodukt\/#primaryimage","url":"https:\/\/kuehnel-orthopaedie.de\/wp-content\/uploads\/2020\/09\/2Einlagen-Ku\u0308hnel.jpg","contentUrl":"https:\/\/kuehnel-orthopaedie.de\/wp-content\/uploads\/2020\/09\/2Einlagen-Ku\u0308hnel.jpg","width":1200,"height":1200},{"@type":"BreadcrumbList","@id":"https:\/\/kuehnel-orthopaedie.de\/index.php\/produkt\/korkprodukt\/#breadcrumb","itemListElement":[{"@type":"ListItem","position":1,"name":"Home","item":"https:\/\/kuehnel-orthopaedie.de\/"},{"@type":"ListItem","position":2,"name":"Shop single sidebar","item":"https:\/\/kuehnel-orthopaedie.de\/index.php\/shop-single-sidebar\/"},{"@type":"ListItem","position":3,"name":"Korkprodukt"}]},{"@type":"WebSite","@id":"https:\/\/kuehnel-orthopaedie.de\/#website","url":"https:\/\/kuehnel-orthopaedie.de\/","name":"K\u00fchnel Orthop\u00e4die Peine","description":"Ihr leistungsf\u00e4higer Partner f\u00fcr Einladen und orthop\u00e4dische Materialien","potentialAction":[{"@type":"SearchAction","target":{"@type":"EntryPoint","urlTemplate":"https:\/\/kuehnel-orthopaedie.de\/?s={search_term_string}"},"query-input":{"@type":"PropertyValueSpecification","valueRequired":true,"valueName":"search_term_string"}}],"inLanguage":"de"}]}},"_links":{"self":[{"href":"https:\/\/kuehnel-orthopaedie.de\/index.php\/wp-json\/wp\/v2\/product\/1978","targetHints":{"allow":["GET"]}}],"collection":[{"href":"https:\/\/kuehnel-orthopaedie.de\/index.php\/wp-json\/wp\/v2\/product"}],"about":[{"href":"https:\/\/kuehnel-orthopaedie.de\/index.php\/wp-json\/wp\/v2\/types\/product"}],"replies":[{"embeddable":true,"href":"https:\/\/kuehnel-orthopaedie.de\/index.php\/wp-json\/wp\/v2\/comments?post=1978"}],"wp:featuredmedia":[{"embeddable":true,"href":"https:\/\/kuehnel-orthopaedie.de\/index.php\/wp-json\/wp\/v2\/media\/1854"}],"wp:attachment":[{"href":"https:\/\/kuehnel-orthopaedie.de\/index.php\/wp-json\/wp\/v2\/media?parent=1978"}],"wp:term":[{"taxonomy":"product_brand","embeddable":true,"href":"https:\/\/kuehnel-orthopaedie.de\/index.php\/wp-json\/wp\/v2\/product_brand?post=1978"},{"taxonomy":"product_cat","embeddable":true,"href":"https:\/\/kuehnel-orthopaedie.de\/index.php\/wp-json\/wp\/v2\/product_cat?post=1978"},{"taxonomy":"product_tag","embeddable":true,"href":"https:\/\/kuehnel-orthopaedie.de\/index.php\/wp-json\/wp\/v2\/product_tag?post=1978"}],"curies":[{"name":"wp","href":"https:\/\/api.w.org\/{rel}","templated":true}]}}