{"id":2490,"date":"2021-01-16T13:35:55","date_gmt":"2021-01-16T13:35:55","guid":{"rendered":"http:\/\/kuehnel-orthopaedie.de\/?page_id=2490"},"modified":"2021-03-01T12:13:19","modified_gmt":"2021-03-01T12:13:19","slug":"agb","status":"publish","type":"page","link":"https:\/\/kuehnel-orthopaedie.de\/index.php\/agb\/","title":{"rendered":"AGB"},"content":{"rendered":"<div class=\"fusion-fullwidth fullwidth-box fusion-builder-row-1 fusion-flex-container nonhundred-percent-fullwidth non-hundred-percent-height-scrolling\" style=\"--awb-border-radius-top-left:0px;--awb-border-radius-top-right:0px;--awb-border-radius-bottom-right:0px;--awb-border-radius-bottom-left:0px;\" ><div class=\"fusion-builder-row fusion-row fusion-flex-align-items-flex-start\" style=\"max-width:1419.6px;margin-left: calc(-4% \/ 2 );margin-right: calc(-4% \/ 2 );\"><div class=\"fusion-layout-column fusion_builder_column fusion-builder-column-0 fusion_builder_column_1_1 1_1 fusion-flex-column\" style=\"--awb-bg-size:cover;--awb-width-large:100%;--awb-margin-top-large:0px;--awb-spacing-right-large:1.92%;--awb-margin-bottom-large:20px;--awb-spacing-left-large:1.92%;--awb-width-medium:100%;--awb-order-medium:0;--awb-spacing-right-medium:1.92%;--awb-spacing-left-medium:1.92%;--awb-width-small:100%;--awb-order-small:0;--awb-spacing-right-small:1.92%;--awb-spacing-left-small:1.92%;\"><div class=\"fusion-column-wrapper fusion-column-has-shadow fusion-flex-justify-content-flex-start fusion-content-layout-column\"><div class=\"fusion-text fusion-text-1\"><p class=\"p1\"><b>Allgemeine Gesch\u00e4ftsbedingungen<\/b><\/p>\n<p class=\"p1\">Unsere Angebote, Verk\u00e4ufe und Lieferungen erfolgen zu nachstehenden Liefer- und Zahlungsbedingungen. Die Lieferung erfolgt und Berechnung erfolgt zu den am Tage der Lieferung g\u00fcltigen Preise, deren \u00c4nderungen wir uns jederzeit vorbehalten. An die Angebote halten wir uns 10 Tage gebunden. Unsere Angebote und Lieferungen sind freibleibend. Die genannten Preise verstehen sich zuz\u00fcglich der zum Zeitpunkt der Rechnungsstellung gesetzlich g\u00fcltigen Mehrwertsteuer.<span class=\"Apple-converted-space\">\u00a0<\/span><\/p>\n<p class=\"p1\">Dem Kunden \u00fcberlassene Muster dienen lediglich der Pr\u00fcfung auf Qualit\u00e4t und Ausf\u00fchrung. Sie sind nicht zur Weiterver\u00e4u\u00dferung gedacht und zul\u00e4ssig. Wir sind berechtigt Muster zur\u00fcckzufordern.<\/p>\n<ol class=\"ol1\">\n<li class=\"li1\"><b>Lieferung:<\/b> Lieferung erfolgt stets auf Rechnung und Gefahr des Empf\u00e4ngers. Unsere Sendungen erfolgen innerhalb der Bundesrepublik Deutschland frei Bestimmungsort, au\u00dferhalb der BRD frei Grenze. Bei Sendungen ab \u20ac 300,00 liefern wir frei Bestimmungsort mit einem Versandkostenanteil von \u20ac 6,90 \u2013 8,40 \u20ac. Als Versandart wird stets der g\u00fcnstigste Versandweg gew\u00e4hlt.<span class=\"Apple-converted-space\">\u00a0<\/span><\/li>\n<\/ol>\n<ol class=\"ol1\">\n<li class=\"li1\"><b>Lieferzeit: <\/b>Alle Auftr\u00e4ge werden unter dem Vorbehalt der M\u00f6glichkeit der rechtzeitigen Lieferung angenommen. Bei der Lieferung r\u00fcckst\u00e4ndige Artikel werden in Nota genommen und werden in einer etwa angegebenen Zeit nachgeliefert. H\u00f6here<b> <\/b>Gewalt, Streiks, Betriebsst\u00f6rungen, Lieferverzug der Lieferanten oder andere unvorhersehbare Umst\u00e4nde entbinden uns von der Einhaltung der vereinbarten Lieferfristen ohne Gew\u00e4hrung von Schadenersatz.<\/li>\n<\/ol>\n<ol class=\"ol1\">\n<li class=\"li1\"><b>Reklamation: <\/b>Reklamationen und M\u00e4ngelr\u00fcgen k\u00f6nnen nur innerhalb von 8 Tagen nach Empfang der Waren Ber\u00fccksichtigung finden. Beanstandete Ware darf nur mit unserer ausdr\u00fccklichen vorherigen Genehmigung zur\u00fcckgesandt werden. Es bleibt uns vorbehalten begr\u00fcndete M\u00e4ngel durch Ersatzlieferung oder Instandsetzung zu beheben, oder f\u00fcr Ersatzleistung aufzukommen. Abzug zur\u00fcckgebender Ware darf nur nach von uns erstellter Gutschrift erfolgen. R\u00fccksendungen haben grunds\u00e4tzlich frei Bestimmungsort zu erfolgen und gehen zu Lasten des Kunden. F\u00fcr die von uns gelieferten oder verarbeiteten Materialien \u00fcbernehmen wir keine Haftung.<span class=\"Apple-converted-space\">\u00a0 <\/span>Unsere Lieferanten garantieren das die von Ihnen produzierten Materialien den Richtlinien der jeweiligen Qualit\u00e4tspr\u00fcfungen entsprechen.<\/li>\n<\/ol>\n<ol class=\"ol1\">\n<li class=\"li1\"><b> Eigentumsvorbehalt: <\/b>Wir behalten uns das Eigentum an s\u00e4mtlichen von uns gelieferten Waren bis zur vollst\u00e4ndigen Bezahlung aller auch k\u00fcnftig oder bedingt5 entstehenden Forderung vor. Der K\u00e4ufer ist jedoch berechtigt, die Ware im ordnungsgem\u00e4\u00dfen Gesch\u00e4ftsverkehr an einen Dritten zu ver\u00e4u\u00dfern oder weiterzuverarbeiten. Der K\u00e4ufer tritt jedoch schon bei Abschluss des Kaufvertrages bis zur v\u00f6lligen Tilgung aller unserer Forderungen aus Warenlieferungen die ihm aus der Weiterver\u00e4u\u00dferung entstehenden Forderungen gegen seine Abnehmer mit allen Rechten an uns ab. Auf unser Verlangen ist der K\u00e4ufer verpflichtet, die Abtretung den Unterbestellern bekannt zu geben und uns die zur Geltendmachung unserer Anspr\u00fcche und Unterlagen vorzulegen.<b> <\/b>Vor erfolgter Bezahlung aller Forderungen darf der K\u00e4ufer die ihm gelieferte Ware werde verpf\u00e4nden noch sicherheitshalber \u00fcbereignen. Die R\u00fcckforderung der unter Eigentumsvorbehalt gelieferten Waren bedeutet nicht ohne weiteres gleichzeitig die Erkl\u00e4rung des R\u00fccktritts vom Vertrag. Wird unser Eigentum bei K\u00e4ufer in irgendeiner Weise gef\u00e4hrdet, hat dieser unverz\u00fcglich Mitteilung zu machen. Saldoziehung und Saldoanerkennung ber\u00fchren den Eigentumsvorgehalt.<span class=\"Apple-converted-space\">\u00a0<\/span><\/li>\n<\/ol>\n<ol class=\"ol1\">\n<li class=\"li1\"><b>R\u00fccktritt:<\/b> Unbeschadet weiterer gesetzlicher oder sich aus diesen Bedingungen ergebender Rechte sind wir berechtigt, vom Vertrag zur\u00fcck zu treten, wenn der Kunde falsche Angaben \u00fcber die seine Kreditw\u00fcrdigkeit<\/li>\n<\/ol>\n<p class=\"p5\">Bedingenden Tatsachen bekannt werden, die geeignet sind, vern\u00fcnftige Zweifel an der gegenw\u00e4rtigen oder k\u00fcnftigen Kreditw\u00fcrdigkeit des Kunden aufkommen zu lassen und wir den Kunden vergeblich unter Fristsetzung zur Stellung einer Sicherheit bis zur H\u00f6he aller bestehenden oder bereits durch Vertrag begr\u00fcndeten Restverbindlichkeiten aufgefordert haben.<\/p>\n<ol class=\"ol1\">\n<li class=\"li1\"><b>Zahlung: <\/b>Mit dem Tage des Versandes beginnt die F\u00e4lligkeit der Rechnung und ist zahlbar dato Faktura innerhalb<\/li>\n<\/ol>\n<p class=\"p5\"><b>10 Tagen mit 2% Skonto<\/b><\/p>\n<p class=\"p5\"><b>30 Tagen netto Kasse<\/b><\/p>\n<p class=\"p5\"><b>Skonto kann nur bei Rechnungen bei einem Betrag \u00fcber EUR 50,00 gew\u00e4hrt werden. Bei Verrechnung von Gutschriften sind diese erst vom Rechnungsbetrag abzusetzen und dann der Skontobetrag zu errechnen. R\u00fccksendung d\u00fcrfen erst nach Erteilung der Gutschriftanzeige durch uns verrechnet werden. <span class=\"Apple-converted-space\">\u00a0<\/span><\/b> Anderweitige Abz\u00fcge werden nicht anerkannt und in jedem Falle nachgefordert. Berechtigte Nachl\u00e4sse werden mit einer Gutschriftanzeige ausdr\u00fccklich anerkannt.<span class=\"Apple-converted-space\">\u00a0<\/span><\/p>\n<ol class=\"ol1\">\n<li class=\"li1\"><b>Zahlungsverzug: <\/b>Bei Zahlungen behalten wird uns vor, Verzugszinsen in H\u00f6he bank\u00fcblicher Zinsen zu berechnen.<span class=\"Apple-converted-space\">\u00a0<\/span><\/li>\n<\/ol>\n<ol class=\"ol1\">\n<li class=\"li1\"><b>Salvatorische Klausel:<\/b> Sollte eine oder mehrere Bestimmungen dieser Bedingungen oder Teile hiervon unwirksam sein, wird hierdurch die Wirksamkeit der \u00fcbrigen Bestimmungen hiervon nicht ber\u00fchrt. In diesem Fall sind die Vertragspartner verpflichtet, an der Aufstellung einer Bestimmung mitzuwirken, die der unwirksamen Bestimmung wirtschaftlich am n\u00e4chsten kommt. Die neu zu errichtende Bestimmung gilt f\u00fcr bereits abgeschlossene und k\u00fcnftige Gesch\u00e4fte.<\/li>\n<li class=\"li1\"><b>Gerichtsstand :<\/b> Amtsgericht Peine<\/li>\n<\/ol>\n<ol class=\"ol1\">\n<li class=\"li1\"><b>Erf\u00fcllungsort:<\/b> Peine, Lehmkuhlenweg 15, 31124 Peine<\/li>\n<\/ol>\n<ol class=\"ol1\">\n<li style=\"list-style-type: none;\">\n<ol class=\"ol1\">\n<li class=\"li1\">\u00a0<\/li>\n<\/ol>\n<\/li>\n<li class=\"li1\">\n<ol class=\"ol1\">\n<li class=\"li1\"><b>1.<span class=\"Apple-converted-space\">\u00a0<\/span><\/b><\/li>\n<\/ol>\n<\/li>\n<\/ol>\n<\/div><\/div><\/div><\/div><\/div>\n","protected":false},"excerpt":{"rendered":"","protected":false},"author":1,"featured_media":0,"parent":0,"menu_order":0,"comment_status":"closed","ping_status":"closed","template":"","meta":{"_custom_body_class":"","_custom_post_class":"","footnotes":""},"class_list":["post-2490","page","type-page","status-publish","hentry"],"yoast_head":"<!-- This site is optimized with the Yoast SEO plugin v27.4 - https:\/\/yoast.com\/product\/yoast-seo-wordpress\/ -->\n<title>AGB - K\u00fchnel Orthop\u00e4die Peine<\/title>\n<meta name=\"robots\" content=\"index, follow, max-snippet:-1, max-image-preview:large, max-video-preview:-1\" \/>\n<link rel=\"canonical\" href=\"https:\/\/kuehnel-orthopaedie.de\/index.php\/agb\/\" \/>\n<meta property=\"og:locale\" content=\"de_DE\" \/>\n<meta property=\"og:type\" content=\"article\" \/>\n<meta property=\"og:title\" content=\"AGB - K\u00fchnel Orthop\u00e4die Peine\" \/>\n<meta property=\"og:url\" content=\"https:\/\/kuehnel-orthopaedie.de\/index.php\/agb\/\" \/>\n<meta property=\"og:site_name\" content=\"K\u00fchnel Orthop\u00e4die Peine\" \/>\n<meta property=\"article:modified_time\" content=\"2021-03-01T12:13:19+00:00\" \/>\n<meta name=\"twitter:card\" content=\"summary_large_image\" \/>\n<meta name=\"twitter:label1\" content=\"Gesch\u00e4tzte Lesezeit\" \/>\n\t<meta name=\"twitter:data1\" content=\"7\u00a0Minuten\" \/>\n<script type=\"application\/ld+json\" class=\"yoast-schema-graph\">{\"@context\":\"https:\\\/\\\/schema.org\",\"@graph\":[{\"@type\":\"WebPage\",\"@id\":\"https:\\\/\\\/kuehnel-orthopaedie.de\\\/index.php\\\/agb\\\/\",\"url\":\"https:\\\/\\\/kuehnel-orthopaedie.de\\\/index.php\\\/agb\\\/\",\"name\":\"AGB - K\u00fchnel Orthop\u00e4die Peine\",\"isPartOf\":{\"@id\":\"https:\\\/\\\/kuehnel-orthopaedie.de\\\/#website\"},\"datePublished\":\"2021-01-16T13:35:55+00:00\",\"dateModified\":\"2021-03-01T12:13:19+00:00\",\"breadcrumb\":{\"@id\":\"https:\\\/\\\/kuehnel-orthopaedie.de\\\/index.php\\\/agb\\\/#breadcrumb\"},\"inLanguage\":\"de\",\"potentialAction\":[{\"@type\":\"ReadAction\",\"target\":[\"https:\\\/\\\/kuehnel-orthopaedie.de\\\/index.php\\\/agb\\\/\"]}]},{\"@type\":\"BreadcrumbList\",\"@id\":\"https:\\\/\\\/kuehnel-orthopaedie.de\\\/index.php\\\/agb\\\/#breadcrumb\",\"itemListElement\":[{\"@type\":\"ListItem\",\"position\":1,\"name\":\"Home\",\"item\":\"https:\\\/\\\/kuehnel-orthopaedie.de\\\/\"},{\"@type\":\"ListItem\",\"position\":2,\"name\":\"AGB\"}]},{\"@type\":\"WebSite\",\"@id\":\"https:\\\/\\\/kuehnel-orthopaedie.de\\\/#website\",\"url\":\"https:\\\/\\\/kuehnel-orthopaedie.de\\\/\",\"name\":\"K\u00fchnel Orthop\u00e4die Peine\",\"description\":\"Ihr leistungsf\u00e4higer Partner f\u00fcr Einladen und orthop\u00e4dische Materialien\",\"potentialAction\":[{\"@type\":\"SearchAction\",\"target\":{\"@type\":\"EntryPoint\",\"urlTemplate\":\"https:\\\/\\\/kuehnel-orthopaedie.de\\\/?s={search_term_string}\"},\"query-input\":{\"@type\":\"PropertyValueSpecification\",\"valueRequired\":true,\"valueName\":\"search_term_string\"}}],\"inLanguage\":\"de\"}]}<\/script>\n<!-- \/ Yoast SEO plugin. -->","yoast_head_json":{"title":"AGB - K\u00fchnel Orthop\u00e4die Peine","robots":{"index":"index","follow":"follow","max-snippet":"max-snippet:-1","max-image-preview":"max-image-preview:large","max-video-preview":"max-video-preview:-1"},"canonical":"https:\/\/kuehnel-orthopaedie.de\/index.php\/agb\/","og_locale":"de_DE","og_type":"article","og_title":"AGB - K\u00fchnel Orthop\u00e4die Peine","og_url":"https:\/\/kuehnel-orthopaedie.de\/index.php\/agb\/","og_site_name":"K\u00fchnel Orthop\u00e4die Peine","article_modified_time":"2021-03-01T12:13:19+00:00","twitter_card":"summary_large_image","twitter_misc":{"Gesch\u00e4tzte Lesezeit":"7\u00a0Minuten"},"schema":{"@context":"https:\/\/schema.org","@graph":[{"@type":"WebPage","@id":"https:\/\/kuehnel-orthopaedie.de\/index.php\/agb\/","url":"https:\/\/kuehnel-orthopaedie.de\/index.php\/agb\/","name":"AGB - K\u00fchnel Orthop\u00e4die Peine","isPartOf":{"@id":"https:\/\/kuehnel-orthopaedie.de\/#website"},"datePublished":"2021-01-16T13:35:55+00:00","dateModified":"2021-03-01T12:13:19+00:00","breadcrumb":{"@id":"https:\/\/kuehnel-orthopaedie.de\/index.php\/agb\/#breadcrumb"},"inLanguage":"de","potentialAction":[{"@type":"ReadAction","target":["https:\/\/kuehnel-orthopaedie.de\/index.php\/agb\/"]}]},{"@type":"BreadcrumbList","@id":"https:\/\/kuehnel-orthopaedie.de\/index.php\/agb\/#breadcrumb","itemListElement":[{"@type":"ListItem","position":1,"name":"Home","item":"https:\/\/kuehnel-orthopaedie.de\/"},{"@type":"ListItem","position":2,"name":"AGB"}]},{"@type":"WebSite","@id":"https:\/\/kuehnel-orthopaedie.de\/#website","url":"https:\/\/kuehnel-orthopaedie.de\/","name":"K\u00fchnel Orthop\u00e4die Peine","description":"Ihr leistungsf\u00e4higer Partner f\u00fcr Einladen und orthop\u00e4dische Materialien","potentialAction":[{"@type":"SearchAction","target":{"@type":"EntryPoint","urlTemplate":"https:\/\/kuehnel-orthopaedie.de\/?s={search_term_string}"},"query-input":{"@type":"PropertyValueSpecification","valueRequired":true,"valueName":"search_term_string"}}],"inLanguage":"de"}]}},"_links":{"self":[{"href":"https:\/\/kuehnel-orthopaedie.de\/index.php\/wp-json\/wp\/v2\/pages\/2490","targetHints":{"allow":["GET"]}}],"collection":[{"href":"https:\/\/kuehnel-orthopaedie.de\/index.php\/wp-json\/wp\/v2\/pages"}],"about":[{"href":"https:\/\/kuehnel-orthopaedie.de\/index.php\/wp-json\/wp\/v2\/types\/page"}],"author":[{"embeddable":true,"href":"https:\/\/kuehnel-orthopaedie.de\/index.php\/wp-json\/wp\/v2\/users\/1"}],"replies":[{"embeddable":true,"href":"https:\/\/kuehnel-orthopaedie.de\/index.php\/wp-json\/wp\/v2\/comments?post=2490"}],"version-history":[{"count":2,"href":"https:\/\/kuehnel-orthopaedie.de\/index.php\/wp-json\/wp\/v2\/pages\/2490\/revisions"}],"predecessor-version":[{"id":3415,"href":"https:\/\/kuehnel-orthopaedie.de\/index.php\/wp-json\/wp\/v2\/pages\/2490\/revisions\/3415"}],"wp:attachment":[{"href":"https:\/\/kuehnel-orthopaedie.de\/index.php\/wp-json\/wp\/v2\/media?parent=2490"}],"curies":[{"name":"wp","href":"https:\/\/api.w.org\/{rel}","templated":true}]}}